{"id":7386,"date":"2020-05-06T23:10:21","date_gmt":"2020-05-07T20:58:04","guid":{"rendered":"https:\/\/www.bluesaocanada.com\/product\/rasoir-incurve-a-double-extremite-2\/"},"modified":"2020-07-07T18:33:08","modified_gmt":"2020-07-07T22:33:08","slug":"rape-incurve-a-double-extremite-2","status":"publish","type":"product","link":"https:\/\/www.bluesaocanada.com\/fr\/produit\/rape-incurve-a-double-extremite-2\/","title":{"rendered":"R\u00e2pe incurv\u00e9 \u00e0 double extr\u00e9mit\u00e9"},"content":{"rendered":"<p>rasoir incurv\u00e9 \u00e0 double extr\u00e9mit\u00e9<\/p>\n<p>Ref.no.: 400402003<\/p>\n","protected":false},"excerpt":{"rendered":"<p>rasoir incurv\u00e9 \u00e0 double extr\u00e9mit\u00e9 Ref.no.: 400402003<\/p>\n","protected":false},"featured_media":4405,"comment_status":"closed","ping_status":"closed","template":"","meta":[],"product_brand":[],"product_cat":[328,337,338],"product_tag":[],"class_list":{"0":"post-7386","1":"product","2":"type-product","3":"status-publish","4":"has-post-thumbnail","6":"product_cat-autres-produits-populaires","7":"product_cat-ensemble-dinstruments-de-tracheoplastie","8":"product_cat-instruments-fr","10":"first","11":"instock","12":"taxable","13":"shipping-taxable","14":"purchasable","15":"product-type-simple"},"_links":{"self":[{"href":"https:\/\/www.bluesaocanada.com\/fr\/wp-json\/wp\/v2\/product\/7386","targetHints":{"allow":["GET"]}}],"collection":[{"href":"https:\/\/www.bluesaocanada.com\/fr\/wp-json\/wp\/v2\/product"}],"about":[{"href":"https:\/\/www.bluesaocanada.com\/fr\/wp-json\/wp\/v2\/types\/product"}],"replies":[{"embeddable":true,"href":"https:\/\/www.bluesaocanada.com\/fr\/wp-json\/wp\/v2\/comments?post=7386"}],"wp:featuredmedia":[{"embeddable":true,"href":"https:\/\/www.bluesaocanada.com\/fr\/wp-json\/wp\/v2\/media\/4405"}],"wp:attachment":[{"href":"https:\/\/www.bluesaocanada.com\/fr\/wp-json\/wp\/v2\/media?parent=7386"}],"wp:term":[{"taxonomy":"product_brand","embeddable":true,"href":"https:\/\/www.bluesaocanada.com\/fr\/wp-json\/wp\/v2\/product_brand?post=7386"},{"taxonomy":"product_cat","embeddable":true,"href":"https:\/\/www.bluesaocanada.com\/fr\/wp-json\/wp\/v2\/product_cat?post=7386"},{"taxonomy":"product_tag","embeddable":true,"href":"https:\/\/www.bluesaocanada.com\/fr\/wp-json\/wp\/v2\/product_tag?post=7386"}],"curies":[{"name":"wp","href":"https:\/\/api.w.org\/{rel}","templated":true}]}}