{"id":7304,"date":"2020-05-06T23:05:11","date_gmt":"2020-05-07T20:51:42","guid":{"rendered":"https:\/\/www.bluesaocanada.com\/product\/douille-de-percage-de-20-mm-vissage-pre-verrouillage-2\/"},"modified":"2020-05-07T20:51:43","modified_gmt":"2020-05-07T20:51:43","slug":"douille-de-percage-de-20-mm-vissage-pre-verrouillage-2","status":"publish","type":"product","link":"https:\/\/www.bluesaocanada.com\/fr\/produit\/douille-de-percage-de-20-mm-vissage-pre-verrouillage-2\/","title":{"rendered":"Douille de per\u00e7age de 2,0 mm (vissage \/ pr\u00e9-verrouillage)"},"content":{"rendered":"<p>Guide-m\u00e8che de 2,0 mm (viss\u00e9 \/ pr\u00e9-verrouill\u00e9)<\/p>\n<p>Ref.no.: 200702020<\/p>\n","protected":false},"excerpt":{"rendered":"<p>Guide-m\u00e8che de 2,0 mm (viss\u00e9 \/ pr\u00e9-verrouill\u00e9) Ref.no.: 200702020<\/p>\n","protected":false},"featured_media":4390,"comment_status":"closed","ping_status":"closed","template":"","meta":[],"product_brand":[],"product_cat":[350,352,357],"product_tag":[],"class_list":{"0":"post-7304","1":"product","2":"type-product","3":"status-publish","4":"has-post-thumbnail","6":"product_cat-prcl-fr","7":"product_cat-prcl-l-fr-fr","8":"product_cat-instruments-acier-inoxydable-fr-2","10":"first","11":"instock","12":"taxable","13":"shipping-taxable","14":"purchasable","15":"product-type-simple"},"_links":{"self":[{"href":"https:\/\/www.bluesaocanada.com\/fr\/wp-json\/wp\/v2\/product\/7304","targetHints":{"allow":["GET"]}}],"collection":[{"href":"https:\/\/www.bluesaocanada.com\/fr\/wp-json\/wp\/v2\/product"}],"about":[{"href":"https:\/\/www.bluesaocanada.com\/fr\/wp-json\/wp\/v2\/types\/product"}],"replies":[{"embeddable":true,"href":"https:\/\/www.bluesaocanada.com\/fr\/wp-json\/wp\/v2\/comments?post=7304"}],"wp:featuredmedia":[{"embeddable":true,"href":"https:\/\/www.bluesaocanada.com\/fr\/wp-json\/wp\/v2\/media\/4390"}],"wp:attachment":[{"href":"https:\/\/www.bluesaocanada.com\/fr\/wp-json\/wp\/v2\/media?parent=7304"}],"wp:term":[{"taxonomy":"product_brand","embeddable":true,"href":"https:\/\/www.bluesaocanada.com\/fr\/wp-json\/wp\/v2\/product_brand?post=7304"},{"taxonomy":"product_cat","embeddable":true,"href":"https:\/\/www.bluesaocanada.com\/fr\/wp-json\/wp\/v2\/product_cat?post=7304"},{"taxonomy":"product_tag","embeddable":true,"href":"https:\/\/www.bluesaocanada.com\/fr\/wp-json\/wp\/v2\/product_tag?post=7304"}],"curies":[{"name":"wp","href":"https:\/\/api.w.org\/{rel}","templated":true}]}}