{"id":7261,"date":"2020-05-06T23:02:23","date_gmt":"2020-05-07T20:48:24","guid":{"rendered":"https:\/\/www.bluesaocanada.com\/product\/fer-a-cintrer-la-plaque-osseuse-une-paire-plaque-osseuse-8-9mm\/"},"modified":"2020-05-07T20:48:25","modified_gmt":"2020-05-07T20:48:25","slug":"fer-a-cintrer-la-plaque-osseuse-une-paire-plaque-osseuse-8-9mm","status":"publish","type":"product","link":"https:\/\/www.bluesaocanada.com\/fr\/produit\/fer-a-cintrer-la-plaque-osseuse-une-paire-plaque-osseuse-8-9mm\/","title":{"rendered":"Fer \u00e0 cintrer la plaque osseuse (une paire): plaque osseuse 8 \/ 9Mm"},"content":{"rendered":"<p>plaque \u00e0 os fer \u00e0 cintrer (une paire): plaque \u00e0 os 8 \/ 9mm<\/p>\n<p>Ref.no.: 200802002<\/p>\n","protected":false},"excerpt":{"rendered":"<p>plaque \u00e0 os fer \u00e0 cintrer (une paire): plaque \u00e0 os 8 \/ 9mm Ref.no.: 200802002<\/p>\n","protected":false},"featured_media":4369,"comment_status":"closed","ping_status":"closed","template":"","meta":[],"product_brand":[],"product_cat":[350,358,363],"product_tag":[],"class_list":{"0":"post-7261","1":"product","2":"type-product","3":"status-publish","4":"has-post-thumbnail","6":"product_cat-prcl-fr","7":"product_cat-prcl-m-fr","8":"product_cat-instruments-acier-inoxydable-fr-3","10":"first","11":"instock","12":"taxable","13":"shipping-taxable","14":"purchasable","15":"product-type-simple"},"_links":{"self":[{"href":"https:\/\/www.bluesaocanada.com\/fr\/wp-json\/wp\/v2\/product\/7261","targetHints":{"allow":["GET"]}}],"collection":[{"href":"https:\/\/www.bluesaocanada.com\/fr\/wp-json\/wp\/v2\/product"}],"about":[{"href":"https:\/\/www.bluesaocanada.com\/fr\/wp-json\/wp\/v2\/types\/product"}],"replies":[{"embeddable":true,"href":"https:\/\/www.bluesaocanada.com\/fr\/wp-json\/wp\/v2\/comments?post=7261"}],"wp:featuredmedia":[{"embeddable":true,"href":"https:\/\/www.bluesaocanada.com\/fr\/wp-json\/wp\/v2\/media\/4369"}],"wp:attachment":[{"href":"https:\/\/www.bluesaocanada.com\/fr\/wp-json\/wp\/v2\/media?parent=7261"}],"wp:term":[{"taxonomy":"product_brand","embeddable":true,"href":"https:\/\/www.bluesaocanada.com\/fr\/wp-json\/wp\/v2\/product_brand?post=7261"},{"taxonomy":"product_cat","embeddable":true,"href":"https:\/\/www.bluesaocanada.com\/fr\/wp-json\/wp\/v2\/product_cat?post=7261"},{"taxonomy":"product_tag","embeddable":true,"href":"https:\/\/www.bluesaocanada.com\/fr\/wp-json\/wp\/v2\/product_tag?post=7261"}],"curies":[{"name":"wp","href":"https:\/\/api.w.org\/{rel}","templated":true}]}}