{"id":7251,"date":"2020-05-06T23:01:43","date_gmt":"2020-05-07T20:47:40","guid":{"rendered":"https:\/\/www.bluesaocanada.com\/product\/cle-darret-de-forage-5\/"},"modified":"2020-05-07T20:47:40","modified_gmt":"2020-05-07T20:47:40","slug":"cle-darret-de-forage-5","status":"publish","type":"product","link":"https:\/\/www.bluesaocanada.com\/fr\/produit\/cle-darret-de-forage-5\/","title":{"rendered":"Cl\u00e9 d&rsquo;arr\u00eat de forage"},"content":{"rendered":"<p>cl\u00e9 de but\u00e9e de forage<\/p>\n<p>Ref.no.: 200302101<\/p>\n","protected":false},"excerpt":{"rendered":"<p>cl\u00e9 de but\u00e9e de forage Ref.no.: 200302101<\/p>\n","protected":false},"featured_media":4379,"comment_status":"closed","ping_status":"open","template":"","meta":[],"product_brand":[],"product_cat":[350,358,363],"product_tag":[],"class_list":{"0":"post-7251","1":"product","2":"type-product","3":"status-publish","4":"has-post-thumbnail","6":"product_cat-prcl-fr","7":"product_cat-prcl-m-fr","8":"product_cat-instruments-acier-inoxydable-fr-3","10":"first","11":"instock","12":"taxable","13":"shipping-taxable","14":"purchasable","15":"product-type-simple"},"_links":{"self":[{"href":"https:\/\/www.bluesaocanada.com\/fr\/wp-json\/wp\/v2\/product\/7251","targetHints":{"allow":["GET"]}}],"collection":[{"href":"https:\/\/www.bluesaocanada.com\/fr\/wp-json\/wp\/v2\/product"}],"about":[{"href":"https:\/\/www.bluesaocanada.com\/fr\/wp-json\/wp\/v2\/types\/product"}],"replies":[{"embeddable":true,"href":"https:\/\/www.bluesaocanada.com\/fr\/wp-json\/wp\/v2\/comments?post=7251"}],"wp:featuredmedia":[{"embeddable":true,"href":"https:\/\/www.bluesaocanada.com\/fr\/wp-json\/wp\/v2\/media\/4379"}],"wp:attachment":[{"href":"https:\/\/www.bluesaocanada.com\/fr\/wp-json\/wp\/v2\/media?parent=7251"}],"wp:term":[{"taxonomy":"product_brand","embeddable":true,"href":"https:\/\/www.bluesaocanada.com\/fr\/wp-json\/wp\/v2\/product_brand?post=7251"},{"taxonomy":"product_cat","embeddable":true,"href":"https:\/\/www.bluesaocanada.com\/fr\/wp-json\/wp\/v2\/product_cat?post=7251"},{"taxonomy":"product_tag","embeddable":true,"href":"https:\/\/www.bluesaocanada.com\/fr\/wp-json\/wp\/v2\/product_tag?post=7251"}],"curies":[{"name":"wp","href":"https:\/\/api.w.org\/{rel}","templated":true}]}}