{"id":7207,"date":"2020-05-06T22:58:54","date_gmt":"2020-05-07T20:44:21","guid":{"rendered":"https:\/\/www.bluesaocanada.com\/product\/guide-meche-de-11-mm-vissage-pre-verrouillage-2\/"},"modified":"2020-05-07T20:44:22","modified_gmt":"2020-05-07T20:44:22","slug":"guide-meche-de-11-mm-vissage-pre-verrouillage-2","status":"publish","type":"product","link":"https:\/\/www.bluesaocanada.com\/fr\/produit\/guide-meche-de-11-mm-vissage-pre-verrouillage-2\/","title":{"rendered":"Guide-m\u00e8che de 1,1 mm (vissage \/ pr\u00e9-verrouillage)"},"content":{"rendered":"<p>Guide-m\u00e8che de 1,1 mm (viss\u00e9 \/ pr\u00e9-verrouill\u00e9)<\/p>\n<p>Ref.no.: 200702011<\/p>\n","protected":false},"excerpt":{"rendered":"<p>Guide-m\u00e8che de 1,1 mm (viss\u00e9 \/ pr\u00e9-verrouill\u00e9) Ref.no.: 200702011<\/p>\n","protected":false},"featured_media":4364,"comment_status":"closed","ping_status":"closed","template":"","meta":[],"product_brand":[],"product_cat":[350,369,374],"product_tag":[],"class_list":{"0":"post-7207","1":"product","2":"type-product","3":"status-publish","4":"has-post-thumbnail","6":"product_cat-prcl-fr","7":"product_cat-prcl-s-fr","8":"product_cat-instruments-acier-inoxydable-fr-5","10":"first","11":"instock","12":"taxable","13":"shipping-taxable","14":"purchasable","15":"product-type-simple"},"_links":{"self":[{"href":"https:\/\/www.bluesaocanada.com\/fr\/wp-json\/wp\/v2\/product\/7207","targetHints":{"allow":["GET"]}}],"collection":[{"href":"https:\/\/www.bluesaocanada.com\/fr\/wp-json\/wp\/v2\/product"}],"about":[{"href":"https:\/\/www.bluesaocanada.com\/fr\/wp-json\/wp\/v2\/types\/product"}],"replies":[{"embeddable":true,"href":"https:\/\/www.bluesaocanada.com\/fr\/wp-json\/wp\/v2\/comments?post=7207"}],"wp:featuredmedia":[{"embeddable":true,"href":"https:\/\/www.bluesaocanada.com\/fr\/wp-json\/wp\/v2\/media\/4364"}],"wp:attachment":[{"href":"https:\/\/www.bluesaocanada.com\/fr\/wp-json\/wp\/v2\/media?parent=7207"}],"wp:term":[{"taxonomy":"product_brand","embeddable":true,"href":"https:\/\/www.bluesaocanada.com\/fr\/wp-json\/wp\/v2\/product_brand?post=7207"},{"taxonomy":"product_cat","embeddable":true,"href":"https:\/\/www.bluesaocanada.com\/fr\/wp-json\/wp\/v2\/product_cat?post=7207"},{"taxonomy":"product_tag","embeddable":true,"href":"https:\/\/www.bluesaocanada.com\/fr\/wp-json\/wp\/v2\/product_tag?post=7207"}],"curies":[{"name":"wp","href":"https:\/\/api.w.org\/{rel}","templated":true}]}}