{"id":7206,"date":"2020-05-06T22:58:50","date_gmt":"2020-05-07T20:44:17","guid":{"rendered":"https:\/\/www.bluesaocanada.com\/product\/manchon-de-percage-de-11-mm-comprime-2\/"},"modified":"2020-05-07T20:44:18","modified_gmt":"2020-05-07T20:44:18","slug":"manchon-de-percage-de-11-mm-comprime-2","status":"publish","type":"product","link":"https:\/\/www.bluesaocanada.com\/fr\/produit\/manchon-de-percage-de-11-mm-comprime-2\/","title":{"rendered":"Manchon de per\u00e7age de 1,1 mm (comprim\u00e9)"},"content":{"rendered":"<p>Guide-m\u00e8che de 1,1 mm (comprim\u00e9)<\/p>\n<p>Ref.no.: 200602011<\/p>\n","protected":false},"excerpt":{"rendered":"<p>Guide-m\u00e8che de 1,1 mm (comprim\u00e9) Ref.no.: 200602011<\/p>\n","protected":false},"featured_media":4363,"comment_status":"closed","ping_status":"closed","template":"","meta":[],"product_brand":[],"product_cat":[350,369,374],"product_tag":[],"class_list":{"0":"post-7206","1":"product","2":"type-product","3":"status-publish","4":"has-post-thumbnail","6":"product_cat-prcl-fr","7":"product_cat-prcl-s-fr","8":"product_cat-instruments-acier-inoxydable-fr-5","10":"first","11":"instock","12":"taxable","13":"shipping-taxable","14":"purchasable","15":"product-type-simple"},"_links":{"self":[{"href":"https:\/\/www.bluesaocanada.com\/fr\/wp-json\/wp\/v2\/product\/7206","targetHints":{"allow":["GET"]}}],"collection":[{"href":"https:\/\/www.bluesaocanada.com\/fr\/wp-json\/wp\/v2\/product"}],"about":[{"href":"https:\/\/www.bluesaocanada.com\/fr\/wp-json\/wp\/v2\/types\/product"}],"replies":[{"embeddable":true,"href":"https:\/\/www.bluesaocanada.com\/fr\/wp-json\/wp\/v2\/comments?post=7206"}],"wp:featuredmedia":[{"embeddable":true,"href":"https:\/\/www.bluesaocanada.com\/fr\/wp-json\/wp\/v2\/media\/4363"}],"wp:attachment":[{"href":"https:\/\/www.bluesaocanada.com\/fr\/wp-json\/wp\/v2\/media?parent=7206"}],"wp:term":[{"taxonomy":"product_brand","embeddable":true,"href":"https:\/\/www.bluesaocanada.com\/fr\/wp-json\/wp\/v2\/product_brand?post=7206"},{"taxonomy":"product_cat","embeddable":true,"href":"https:\/\/www.bluesaocanada.com\/fr\/wp-json\/wp\/v2\/product_cat?post=7206"},{"taxonomy":"product_tag","embeddable":true,"href":"https:\/\/www.bluesaocanada.com\/fr\/wp-json\/wp\/v2\/product_tag?post=7206"}],"curies":[{"name":"wp","href":"https:\/\/api.w.org\/{rel}","templated":true}]}}