{"id":7139,"date":"2020-05-06T22:46:03","date_gmt":"2020-05-07T20:38:50","guid":{"rendered":"https:\/\/www.bluesaocanada.com\/product\/support-radiographique-reglable-pour-radiographie-veterinaire\/"},"modified":"2020-05-07T20:38:51","modified_gmt":"2020-05-07T20:38:51","slug":"support-radiographique-reglable-pour-radiographie-veterinaire","status":"publish","type":"product","link":"https:\/\/www.bluesaocanada.com\/fr\/produit\/support-radiographique-reglable-pour-radiographie-veterinaire\/","title":{"rendered":"Support radiographique r\u00e9glable pour radiographie v\u00e9t\u00e9rinaire"},"content":{"rendered":"<p>Support radiographique r\u00e9glable pour radiographie v\u00e9t\u00e9rinaire<\/p>\n<p>Ref.no.: 600103002<\/p>\n","protected":false},"excerpt":{"rendered":"<p>Support radiographique r\u00e9glable pour radiographie v\u00e9t\u00e9rinaire Ref.no.: 600103002<\/p>\n","protected":false},"featured_media":4447,"comment_status":"closed","ping_status":"open","template":"","meta":[],"product_brand":[],"product_cat":[312],"product_tag":[],"class_list":{"0":"post-7139","1":"product","2":"type-product","3":"status-publish","4":"has-post-thumbnail","6":"product_cat-ensemble-dexamen-chd","8":"first","9":"instock","10":"taxable","11":"shipping-taxable","12":"purchasable","13":"product-type-simple"},"_links":{"self":[{"href":"https:\/\/www.bluesaocanada.com\/fr\/wp-json\/wp\/v2\/product\/7139","targetHints":{"allow":["GET"]}}],"collection":[{"href":"https:\/\/www.bluesaocanada.com\/fr\/wp-json\/wp\/v2\/product"}],"about":[{"href":"https:\/\/www.bluesaocanada.com\/fr\/wp-json\/wp\/v2\/types\/product"}],"replies":[{"embeddable":true,"href":"https:\/\/www.bluesaocanada.com\/fr\/wp-json\/wp\/v2\/comments?post=7139"}],"wp:featuredmedia":[{"embeddable":true,"href":"https:\/\/www.bluesaocanada.com\/fr\/wp-json\/wp\/v2\/media\/4447"}],"wp:attachment":[{"href":"https:\/\/www.bluesaocanada.com\/fr\/wp-json\/wp\/v2\/media?parent=7139"}],"wp:term":[{"taxonomy":"product_brand","embeddable":true,"href":"https:\/\/www.bluesaocanada.com\/fr\/wp-json\/wp\/v2\/product_brand?post=7139"},{"taxonomy":"product_cat","embeddable":true,"href":"https:\/\/www.bluesaocanada.com\/fr\/wp-json\/wp\/v2\/product_cat?post=7139"},{"taxonomy":"product_tag","embeddable":true,"href":"https:\/\/www.bluesaocanada.com\/fr\/wp-json\/wp\/v2\/product_tag?post=7139"}],"curies":[{"name":"wp","href":"https:\/\/api.w.org\/{rel}","templated":true}]}}