{"id":7135,"date":"2020-05-06T22:45:47","date_gmt":"2020-05-07T20:38:33","guid":{"rendered":"https:\/\/www.bluesaocanada.com\/product\/manchon-de-forage-de-viser-les-pinces-de-reduction-2-0\/"},"modified":"2020-05-07T20:38:34","modified_gmt":"2020-05-07T20:38:34","slug":"manchon-de-forage-de-viser-les-pinces-de-reduction-2-0","status":"publish","type":"product","link":"https:\/\/www.bluesaocanada.com\/fr\/produit\/manchon-de-forage-de-viser-les-pinces-de-reduction-2-0\/","title":{"rendered":"Manchon de forage de viser les pinces de r\u00e9duction 2.0"},"content":{"rendered":"<p>guide-m\u00e8che de vis de r\u00e9duction de forceps 2.0<\/p>\n<p>Ref.no.: 301402020<\/p>\n","protected":false},"excerpt":{"rendered":"<p>guide-m\u00e8che de vis de r\u00e9duction de forceps 2.0 Ref.no.: 301402020<\/p>\n","protected":false},"featured_media":4445,"comment_status":"closed","ping_status":"open","template":"","meta":[],"product_brand":[],"product_cat":[318],"product_tag":[],"class_list":{"0":"post-7135","1":"product","2":"type-product","3":"status-publish","4":"has-post-thumbnail","6":"product_cat-instruments-generaux","8":"first","9":"instock","10":"taxable","11":"shipping-taxable","12":"purchasable","13":"product-type-simple"},"_links":{"self":[{"href":"https:\/\/www.bluesaocanada.com\/fr\/wp-json\/wp\/v2\/product\/7135","targetHints":{"allow":["GET"]}}],"collection":[{"href":"https:\/\/www.bluesaocanada.com\/fr\/wp-json\/wp\/v2\/product"}],"about":[{"href":"https:\/\/www.bluesaocanada.com\/fr\/wp-json\/wp\/v2\/types\/product"}],"replies":[{"embeddable":true,"href":"https:\/\/www.bluesaocanada.com\/fr\/wp-json\/wp\/v2\/comments?post=7135"}],"wp:featuredmedia":[{"embeddable":true,"href":"https:\/\/www.bluesaocanada.com\/fr\/wp-json\/wp\/v2\/media\/4445"}],"wp:attachment":[{"href":"https:\/\/www.bluesaocanada.com\/fr\/wp-json\/wp\/v2\/media?parent=7135"}],"wp:term":[{"taxonomy":"product_brand","embeddable":true,"href":"https:\/\/www.bluesaocanada.com\/fr\/wp-json\/wp\/v2\/product_brand?post=7135"},{"taxonomy":"product_cat","embeddable":true,"href":"https:\/\/www.bluesaocanada.com\/fr\/wp-json\/wp\/v2\/product_cat?post=7135"},{"taxonomy":"product_tag","embeddable":true,"href":"https:\/\/www.bluesaocanada.com\/fr\/wp-json\/wp\/v2\/product_tag?post=7135"}],"curies":[{"name":"wp","href":"https:\/\/api.w.org\/{rel}","templated":true}]}}