{"id":7131,"date":"2020-05-06T22:45:31","date_gmt":"2020-05-07T20:38:16","guid":{"rendered":"https:\/\/www.bluesaocanada.com\/product\/pince-de-reduction-de-visee-al-l\/"},"modified":"2020-05-07T20:38:17","modified_gmt":"2020-05-07T20:38:17","slug":"pince-de-reduction-de-visee-al-l","status":"publish","type":"product","link":"https:\/\/www.bluesaocanada.com\/fr\/produit\/pince-de-reduction-de-visee-al-l\/","title":{"rendered":"Pince de r\u00e9duction de vis\u00e9e Al (L)"},"content":{"rendered":"<p>Pince de r\u00e9duction de vis\u00e9e AL (L)<\/p>\n<p>Ref.no.: 301402005<\/p>\n","protected":false},"excerpt":{"rendered":"<p>Pince de r\u00e9duction de vis\u00e9e AL (L) Ref.no.: 301402005<\/p>\n","protected":false},"featured_media":4444,"comment_status":"closed","ping_status":"open","template":"","meta":[],"product_brand":[],"product_cat":[318],"product_tag":[],"class_list":{"0":"post-7131","1":"product","2":"type-product","3":"status-publish","4":"has-post-thumbnail","6":"product_cat-instruments-generaux","8":"first","9":"instock","10":"taxable","11":"shipping-taxable","12":"purchasable","13":"product-type-simple"},"_links":{"self":[{"href":"https:\/\/www.bluesaocanada.com\/fr\/wp-json\/wp\/v2\/product\/7131","targetHints":{"allow":["GET"]}}],"collection":[{"href":"https:\/\/www.bluesaocanada.com\/fr\/wp-json\/wp\/v2\/product"}],"about":[{"href":"https:\/\/www.bluesaocanada.com\/fr\/wp-json\/wp\/v2\/types\/product"}],"replies":[{"embeddable":true,"href":"https:\/\/www.bluesaocanada.com\/fr\/wp-json\/wp\/v2\/comments?post=7131"}],"wp:featuredmedia":[{"embeddable":true,"href":"https:\/\/www.bluesaocanada.com\/fr\/wp-json\/wp\/v2\/media\/4444"}],"wp:attachment":[{"href":"https:\/\/www.bluesaocanada.com\/fr\/wp-json\/wp\/v2\/media?parent=7131"}],"wp:term":[{"taxonomy":"product_brand","embeddable":true,"href":"https:\/\/www.bluesaocanada.com\/fr\/wp-json\/wp\/v2\/product_brand?post=7131"},{"taxonomy":"product_cat","embeddable":true,"href":"https:\/\/www.bluesaocanada.com\/fr\/wp-json\/wp\/v2\/product_cat?post=7131"},{"taxonomy":"product_tag","embeddable":true,"href":"https:\/\/www.bluesaocanada.com\/fr\/wp-json\/wp\/v2\/product_tag?post=7131"}],"curies":[{"name":"wp","href":"https:\/\/api.w.org\/{rel}","templated":true}]}}