{"id":7117,"date":"2020-05-06T22:44:34","date_gmt":"2020-05-07T20:37:08","guid":{"rendered":"https:\/\/www.bluesaocanada.com\/product\/skid-osseux-mucros-small-l-205mm\/"},"modified":"2020-05-19T13:14:17","modified_gmt":"2020-05-19T17:14:17","slug":"skid-osseux-mucros-small-l-205mm","status":"publish","type":"product","link":"https:\/\/www.bluesaocanada.com\/fr\/produit\/skid-osseux-mucros-small-l-205mm\/","title":{"rendered":"\u00c9carteur modifi\u00e9e, L = 205 mm"},"content":{"rendered":"<p>\u00c9carteur modifi\u00e9e, L = 205mm<\/p>\n<p>Ref.no.: 205002001<\/p>\n","protected":false},"excerpt":{"rendered":"<p>\u00c9carteur modifi\u00e9e, L = 205mm Ref.no.: 205002001<\/p>\n","protected":false},"featured_media":4436,"comment_status":"closed","ping_status":"closed","template":"","meta":[],"product_brand":[],"product_cat":[313,317],"product_tag":[],"class_list":{"0":"post-7117","1":"product","2":"type-product","3":"status-publish","4":"has-post-thumbnail","6":"product_cat-dpo-fr","7":"product_cat-instruments-acier-inoxydable","9":"first","10":"instock","11":"taxable","12":"shipping-taxable","13":"purchasable","14":"product-type-simple"},"_links":{"self":[{"href":"https:\/\/www.bluesaocanada.com\/fr\/wp-json\/wp\/v2\/product\/7117","targetHints":{"allow":["GET"]}}],"collection":[{"href":"https:\/\/www.bluesaocanada.com\/fr\/wp-json\/wp\/v2\/product"}],"about":[{"href":"https:\/\/www.bluesaocanada.com\/fr\/wp-json\/wp\/v2\/types\/product"}],"replies":[{"embeddable":true,"href":"https:\/\/www.bluesaocanada.com\/fr\/wp-json\/wp\/v2\/comments?post=7117"}],"wp:featuredmedia":[{"embeddable":true,"href":"https:\/\/www.bluesaocanada.com\/fr\/wp-json\/wp\/v2\/media\/4436"}],"wp:attachment":[{"href":"https:\/\/www.bluesaocanada.com\/fr\/wp-json\/wp\/v2\/media?parent=7117"}],"wp:term":[{"taxonomy":"product_brand","embeddable":true,"href":"https:\/\/www.bluesaocanada.com\/fr\/wp-json\/wp\/v2\/product_brand?post=7117"},{"taxonomy":"product_cat","embeddable":true,"href":"https:\/\/www.bluesaocanada.com\/fr\/wp-json\/wp\/v2\/product_cat?post=7117"},{"taxonomy":"product_tag","embeddable":true,"href":"https:\/\/www.bluesaocanada.com\/fr\/wp-json\/wp\/v2\/product_tag?post=7117"}],"curies":[{"name":"wp","href":"https:\/\/api.w.org\/{rel}","templated":true}]}}