{"id":7113,"date":"2020-05-06T22:44:19","date_gmt":"2020-05-07T20:36:50","guid":{"rendered":"https:\/\/www.bluesaocanada.com\/product\/guide-meche-a-verrouillage-hc-30-mm\/"},"modified":"2020-05-19T15:46:06","modified_gmt":"2020-05-19T19:46:06","slug":"guide-meche-a-verrouillage-hc-30-mm","status":"publish","type":"product","link":"https:\/\/www.bluesaocanada.com\/fr\/produit\/guide-meche-a-verrouillage-hc-30-mm\/","title":{"rendered":"Guide-m\u00e8che \u00e0 verrouillage HC, 3,0 mm"},"content":{"rendered":"<p>Guide-m\u00e8che \u00e0 verrouillage HC, 3,0 mm<\/p>\n<p>Ref.no.: 200402130<\/p>\n","protected":false},"excerpt":{"rendered":"<p>Guide-m\u00e8che \u00e0 verrouillage HC, 3,0 mm Ref.no.: 200402130<\/p>\n","protected":false},"featured_media":4432,"comment_status":"closed","ping_status":"closed","template":"","meta":[],"product_brand":[],"product_cat":[313,317],"product_tag":[],"class_list":{"0":"post-7113","1":"product","2":"type-product","3":"status-publish","4":"has-post-thumbnail","6":"product_cat-dpo-fr","7":"product_cat-instruments-acier-inoxydable","9":"first","10":"instock","11":"taxable","12":"shipping-taxable","13":"purchasable","14":"product-type-simple"},"_links":{"self":[{"href":"https:\/\/www.bluesaocanada.com\/fr\/wp-json\/wp\/v2\/product\/7113","targetHints":{"allow":["GET"]}}],"collection":[{"href":"https:\/\/www.bluesaocanada.com\/fr\/wp-json\/wp\/v2\/product"}],"about":[{"href":"https:\/\/www.bluesaocanada.com\/fr\/wp-json\/wp\/v2\/types\/product"}],"replies":[{"embeddable":true,"href":"https:\/\/www.bluesaocanada.com\/fr\/wp-json\/wp\/v2\/comments?post=7113"}],"wp:featuredmedia":[{"embeddable":true,"href":"https:\/\/www.bluesaocanada.com\/fr\/wp-json\/wp\/v2\/media\/4432"}],"wp:attachment":[{"href":"https:\/\/www.bluesaocanada.com\/fr\/wp-json\/wp\/v2\/media?parent=7113"}],"wp:term":[{"taxonomy":"product_brand","embeddable":true,"href":"https:\/\/www.bluesaocanada.com\/fr\/wp-json\/wp\/v2\/product_brand?post=7113"},{"taxonomy":"product_cat","embeddable":true,"href":"https:\/\/www.bluesaocanada.com\/fr\/wp-json\/wp\/v2\/product_cat?post=7113"},{"taxonomy":"product_tag","embeddable":true,"href":"https:\/\/www.bluesaocanada.com\/fr\/wp-json\/wp\/v2\/product_tag?post=7113"}],"curies":[{"name":"wp","href":"https:\/\/api.w.org\/{rel}","templated":true}]}}