{"id":7112,"date":"2020-05-06T22:44:15","date_gmt":"2020-05-07T20:36:46","guid":{"rendered":"https:\/\/www.bluesaocanada.com\/product\/manchon-de-forage-comprime-20-mm\/"},"modified":"2020-05-19T14:11:21","modified_gmt":"2020-05-19T18:11:21","slug":"manchon-de-forage-comprime-20-mm","status":"publish","type":"product","link":"https:\/\/www.bluesaocanada.com\/fr\/produit\/manchon-de-forage-comprime-20-mm\/","title":{"rendered":"Guide-m\u00e8che \u00e0 compression, 2,0 mm"},"content":{"rendered":"<p>Guide-m\u00e8che \u00e0 compression, 2,0 mm<\/p>\n<p>Ref.no.: 200602020<\/p>\n","protected":false},"excerpt":{"rendered":"<p>Guide-m\u00e8che \u00e0 compression, 2,0 mm Ref.no.: 200602020<\/p>\n","protected":false},"featured_media":4431,"comment_status":"closed","ping_status":"closed","template":"","meta":[],"product_brand":[],"product_cat":[313,317],"product_tag":[],"class_list":{"0":"post-7112","1":"product","2":"type-product","3":"status-publish","4":"has-post-thumbnail","6":"product_cat-dpo-fr","7":"product_cat-instruments-acier-inoxydable","9":"first","10":"instock","11":"taxable","12":"shipping-taxable","13":"purchasable","14":"product-type-simple"},"_links":{"self":[{"href":"https:\/\/www.bluesaocanada.com\/fr\/wp-json\/wp\/v2\/product\/7112","targetHints":{"allow":["GET"]}}],"collection":[{"href":"https:\/\/www.bluesaocanada.com\/fr\/wp-json\/wp\/v2\/product"}],"about":[{"href":"https:\/\/www.bluesaocanada.com\/fr\/wp-json\/wp\/v2\/types\/product"}],"replies":[{"embeddable":true,"href":"https:\/\/www.bluesaocanada.com\/fr\/wp-json\/wp\/v2\/comments?post=7112"}],"wp:featuredmedia":[{"embeddable":true,"href":"https:\/\/www.bluesaocanada.com\/fr\/wp-json\/wp\/v2\/media\/4431"}],"wp:attachment":[{"href":"https:\/\/www.bluesaocanada.com\/fr\/wp-json\/wp\/v2\/media?parent=7112"}],"wp:term":[{"taxonomy":"product_brand","embeddable":true,"href":"https:\/\/www.bluesaocanada.com\/fr\/wp-json\/wp\/v2\/product_brand?post=7112"},{"taxonomy":"product_cat","embeddable":true,"href":"https:\/\/www.bluesaocanada.com\/fr\/wp-json\/wp\/v2\/product_cat?post=7112"},{"taxonomy":"product_tag","embeddable":true,"href":"https:\/\/www.bluesaocanada.com\/fr\/wp-json\/wp\/v2\/product_tag?post=7112"}],"curies":[{"name":"wp","href":"https:\/\/api.w.org\/{rel}","templated":true}]}}