{"id":7022,"date":"2020-05-06T22:38:19","date_gmt":"2020-05-07T20:29:46","guid":{"rendered":"https:\/\/www.bluesaocanada.com\/product\/poignee-carree-en-gel-de-silice-osteotome\/"},"modified":"2020-05-07T20:29:47","modified_gmt":"2020-05-07T20:29:47","slug":"poignee-carree-en-gel-de-silice-osteotome","status":"publish","type":"product","link":"https:\/\/www.bluesaocanada.com\/fr\/produit\/poignee-carree-en-gel-de-silice-osteotome\/","title":{"rendered":"Poign\u00e9e carr\u00e9e en gel de silice ost\u00e9otome"},"content":{"rendered":"<p>poign\u00e9e carr\u00e9e en gel de silice ost\u00e9otome<\/p>\n<p>Ref.no.: 301702001<\/p>\n","protected":false},"excerpt":{"rendered":"<p>poign\u00e9e carr\u00e9e en gel de silice ost\u00e9otome Ref.no.: 301702001<\/p>\n","protected":false},"featured_media":4492,"comment_status":"closed","ping_status":"open","template":"","meta":[],"product_brand":[],"product_cat":[318,319],"product_tag":[],"class_list":{"0":"post-7022","1":"product","2":"type-product","3":"status-publish","4":"has-post-thumbnail","6":"product_cat-instruments-generaux","7":"product_cat-patin-de-doigt-dos","9":"first","10":"instock","11":"taxable","12":"shipping-taxable","13":"purchasable","14":"product-type-simple"},"_links":{"self":[{"href":"https:\/\/www.bluesaocanada.com\/fr\/wp-json\/wp\/v2\/product\/7022","targetHints":{"allow":["GET"]}}],"collection":[{"href":"https:\/\/www.bluesaocanada.com\/fr\/wp-json\/wp\/v2\/product"}],"about":[{"href":"https:\/\/www.bluesaocanada.com\/fr\/wp-json\/wp\/v2\/types\/product"}],"replies":[{"embeddable":true,"href":"https:\/\/www.bluesaocanada.com\/fr\/wp-json\/wp\/v2\/comments?post=7022"}],"wp:featuredmedia":[{"embeddable":true,"href":"https:\/\/www.bluesaocanada.com\/fr\/wp-json\/wp\/v2\/media\/4492"}],"wp:attachment":[{"href":"https:\/\/www.bluesaocanada.com\/fr\/wp-json\/wp\/v2\/media?parent=7022"}],"wp:term":[{"taxonomy":"product_brand","embeddable":true,"href":"https:\/\/www.bluesaocanada.com\/fr\/wp-json\/wp\/v2\/product_brand?post=7022"},{"taxonomy":"product_cat","embeddable":true,"href":"https:\/\/www.bluesaocanada.com\/fr\/wp-json\/wp\/v2\/product_cat?post=7022"},{"taxonomy":"product_tag","embeddable":true,"href":"https:\/\/www.bluesaocanada.com\/fr\/wp-json\/wp\/v2\/product_tag?post=7022"}],"curies":[{"name":"wp","href":"https:\/\/api.w.org\/{rel}","templated":true}]}}