{"id":7003,"date":"2020-05-06T22:37:04","date_gmt":"2020-05-07T20:28:20","guid":{"rendered":"https:\/\/www.bluesaocanada.com\/product\/dissecteur-perioste-double-extremite-l-170mm-tranchant-3mm\/"},"modified":"2020-05-07T20:28:21","modified_gmt":"2020-05-07T20:28:21","slug":"dissecteur-perioste-double-extremite-l-170mm-tranchant-3mm","status":"publish","type":"product","link":"https:\/\/www.bluesaocanada.com\/fr\/produit\/dissecteur-perioste-double-extremite-l-170mm-tranchant-3mm\/","title":{"rendered":"Dissecteur p\u00e9riost\u00e9 double extr\u00e9mit\u00e9 L = 170Mm, tranchant 3Mm"},"content":{"rendered":"<p>double extr\u00e9mit\u00e9 L = 170 mm, tranchant 3 mm<\/p>\n<p>Ref.no.: 300502002<\/p>\n","protected":false},"excerpt":{"rendered":"<p>double extr\u00e9mit\u00e9 L = 170 mm, tranchant 3 mm Ref.no.: 300502002<\/p>\n","protected":false},"featured_media":7574,"comment_status":"closed","ping_status":"closed","template":"","meta":[],"product_brand":[],"product_cat":[318],"product_tag":[],"class_list":{"0":"post-7003","1":"product","2":"type-product","3":"status-publish","4":"has-post-thumbnail","6":"product_cat-instruments-generaux","8":"first","9":"instock","10":"taxable","11":"shipping-taxable","12":"purchasable","13":"product-type-simple"},"_links":{"self":[{"href":"https:\/\/www.bluesaocanada.com\/fr\/wp-json\/wp\/v2\/product\/7003","targetHints":{"allow":["GET"]}}],"collection":[{"href":"https:\/\/www.bluesaocanada.com\/fr\/wp-json\/wp\/v2\/product"}],"about":[{"href":"https:\/\/www.bluesaocanada.com\/fr\/wp-json\/wp\/v2\/types\/product"}],"replies":[{"embeddable":true,"href":"https:\/\/www.bluesaocanada.com\/fr\/wp-json\/wp\/v2\/comments?post=7003"}],"wp:featuredmedia":[{"embeddable":true,"href":"https:\/\/www.bluesaocanada.com\/fr\/wp-json\/wp\/v2\/media\/7574"}],"wp:attachment":[{"href":"https:\/\/www.bluesaocanada.com\/fr\/wp-json\/wp\/v2\/media?parent=7003"}],"wp:term":[{"taxonomy":"product_brand","embeddable":true,"href":"https:\/\/www.bluesaocanada.com\/fr\/wp-json\/wp\/v2\/product_brand?post=7003"},{"taxonomy":"product_cat","embeddable":true,"href":"https:\/\/www.bluesaocanada.com\/fr\/wp-json\/wp\/v2\/product_cat?post=7003"},{"taxonomy":"product_tag","embeddable":true,"href":"https:\/\/www.bluesaocanada.com\/fr\/wp-json\/wp\/v2\/product_tag?post=7003"}],"curies":[{"name":"wp","href":"https:\/\/api.w.org\/{rel}","templated":true}]}}