{"id":6965,"date":"2020-05-06T22:34:19","date_gmt":"2020-05-07T20:25:04","guid":{"rendered":"https:\/\/www.bluesaocanada.com\/product\/cle-darret-de-forage\/"},"modified":"2020-05-07T20:25:05","modified_gmt":"2020-05-07T20:25:05","slug":"cle-darret-de-forage","status":"publish","type":"product","link":"https:\/\/www.bluesaocanada.com\/fr\/produit\/cle-darret-de-forage\/","title":{"rendered":"Cl\u00e9 d&rsquo;arr\u00eat de forage"},"content":{"rendered":"<p>cl\u00e9 de but\u00e9e de forage<\/p>\n<p>Ref.no.: 200302100<\/p>\n","protected":false},"excerpt":{"rendered":"<p>cl\u00e9 de but\u00e9e de forage Ref.no.: 200302100<\/p>\n","protected":false},"featured_media":4459,"comment_status":"closed","ping_status":"open","template":"","meta":[],"product_brand":[],"product_cat":[328,331,332],"product_tag":[],"class_list":{"0":"post-6965","1":"product","2":"type-product","3":"status-publish","4":"has-post-thumbnail","6":"product_cat-autres-produits-populaires","7":"product_cat-systeme-de-clous-a-emboitement","8":"product_cat-foret-et-arret","10":"first","11":"instock","12":"taxable","13":"shipping-taxable","14":"purchasable","15":"product-type-simple"},"_links":{"self":[{"href":"https:\/\/www.bluesaocanada.com\/fr\/wp-json\/wp\/v2\/product\/6965","targetHints":{"allow":["GET"]}}],"collection":[{"href":"https:\/\/www.bluesaocanada.com\/fr\/wp-json\/wp\/v2\/product"}],"about":[{"href":"https:\/\/www.bluesaocanada.com\/fr\/wp-json\/wp\/v2\/types\/product"}],"replies":[{"embeddable":true,"href":"https:\/\/www.bluesaocanada.com\/fr\/wp-json\/wp\/v2\/comments?post=6965"}],"wp:featuredmedia":[{"embeddable":true,"href":"https:\/\/www.bluesaocanada.com\/fr\/wp-json\/wp\/v2\/media\/4459"}],"wp:attachment":[{"href":"https:\/\/www.bluesaocanada.com\/fr\/wp-json\/wp\/v2\/media?parent=6965"}],"wp:term":[{"taxonomy":"product_brand","embeddable":true,"href":"https:\/\/www.bluesaocanada.com\/fr\/wp-json\/wp\/v2\/product_brand?post=6965"},{"taxonomy":"product_cat","embeddable":true,"href":"https:\/\/www.bluesaocanada.com\/fr\/wp-json\/wp\/v2\/product_cat?post=6965"},{"taxonomy":"product_tag","embeddable":true,"href":"https:\/\/www.bluesaocanada.com\/fr\/wp-json\/wp\/v2\/product_tag?post=6965"}],"curies":[{"name":"wp","href":"https:\/\/api.w.org\/{rel}","templated":true}]}}