{"id":6962,"date":"2020-05-06T22:34:08","date_gmt":"2020-05-07T20:24:50","guid":{"rendered":"https:\/\/www.bluesaocanada.com\/product\/butee-de-forage-34-mm\/"},"modified":"2020-05-07T20:24:52","modified_gmt":"2020-05-07T20:24:52","slug":"butee-de-forage-34-mm","status":"publish","type":"product","link":"https:\/\/www.bluesaocanada.com\/fr\/produit\/butee-de-forage-34-mm\/","title":{"rendered":"But\u00e9e de forage, 3,4 mm"},"content":{"rendered":"<p>but\u00e9e de per\u00e7age, 3,4 mm<\/p>\n<p>Ref.no.: 800202019<\/p>\n","protected":false},"excerpt":{"rendered":"<p>but\u00e9e de per\u00e7age, 3,4 mm Ref.no.: 800202019<\/p>\n","protected":false},"featured_media":4388,"comment_status":"closed","ping_status":"closed","template":"","meta":[],"product_brand":[],"product_cat":[328,331,332],"product_tag":[],"class_list":{"0":"post-6962","1":"product","2":"type-product","3":"status-publish","4":"has-post-thumbnail","6":"product_cat-autres-produits-populaires","7":"product_cat-systeme-de-clous-a-emboitement","8":"product_cat-foret-et-arret","10":"first","11":"instock","12":"taxable","13":"shipping-taxable","14":"purchasable","15":"product-type-simple"},"_links":{"self":[{"href":"https:\/\/www.bluesaocanada.com\/fr\/wp-json\/wp\/v2\/product\/6962","targetHints":{"allow":["GET"]}}],"collection":[{"href":"https:\/\/www.bluesaocanada.com\/fr\/wp-json\/wp\/v2\/product"}],"about":[{"href":"https:\/\/www.bluesaocanada.com\/fr\/wp-json\/wp\/v2\/types\/product"}],"replies":[{"embeddable":true,"href":"https:\/\/www.bluesaocanada.com\/fr\/wp-json\/wp\/v2\/comments?post=6962"}],"wp:featuredmedia":[{"embeddable":true,"href":"https:\/\/www.bluesaocanada.com\/fr\/wp-json\/wp\/v2\/media\/4388"}],"wp:attachment":[{"href":"https:\/\/www.bluesaocanada.com\/fr\/wp-json\/wp\/v2\/media?parent=6962"}],"wp:term":[{"taxonomy":"product_brand","embeddable":true,"href":"https:\/\/www.bluesaocanada.com\/fr\/wp-json\/wp\/v2\/product_brand?post=6962"},{"taxonomy":"product_cat","embeddable":true,"href":"https:\/\/www.bluesaocanada.com\/fr\/wp-json\/wp\/v2\/product_cat?post=6962"},{"taxonomy":"product_tag","embeddable":true,"href":"https:\/\/www.bluesaocanada.com\/fr\/wp-json\/wp\/v2\/product_tag?post=6962"}],"curies":[{"name":"wp","href":"https:\/\/api.w.org\/{rel}","templated":true}]}}