{"id":6952,"date":"2020-05-06T22:33:30","date_gmt":"2020-05-07T20:24:04","guid":{"rendered":"https:\/\/www.bluesaocanada.com\/product\/mandrin-special-avec-cle\/"},"modified":"2020-05-07T20:24:04","modified_gmt":"2020-05-07T20:24:04","slug":"mandrin-special-avec-cle","status":"publish","type":"product","link":"https:\/\/www.bluesaocanada.com\/fr\/produit\/mandrin-special-avec-cle\/","title":{"rendered":"Mandrin sp\u00e9cial (avec cl\u00e9)"},"content":{"rendered":"<p>mandrin sp\u00e9cial (avec cl\u00e9)<\/p>\n<p>Ref.no.: 1000102003<\/p>\n","protected":false},"excerpt":{"rendered":"<p>mandrin sp\u00e9cial (avec cl\u00e9) Ref.no.: 1000102003<\/p>\n","protected":false},"featured_media":4455,"comment_status":"closed","ping_status":"closed","template":"","meta":[],"product_brand":[],"product_cat":[328,336],"product_tag":[],"class_list":{"0":"post-6952","1":"product","2":"type-product","3":"status-publish","4":"has-post-thumbnail","6":"product_cat-autres-produits-populaires","7":"product_cat-instrument-a-retirer-des-ongles-intramedullaires","9":"first","10":"instock","11":"taxable","12":"shipping-taxable","13":"purchasable","14":"product-type-simple"},"_links":{"self":[{"href":"https:\/\/www.bluesaocanada.com\/fr\/wp-json\/wp\/v2\/product\/6952","targetHints":{"allow":["GET"]}}],"collection":[{"href":"https:\/\/www.bluesaocanada.com\/fr\/wp-json\/wp\/v2\/product"}],"about":[{"href":"https:\/\/www.bluesaocanada.com\/fr\/wp-json\/wp\/v2\/types\/product"}],"replies":[{"embeddable":true,"href":"https:\/\/www.bluesaocanada.com\/fr\/wp-json\/wp\/v2\/comments?post=6952"}],"wp:featuredmedia":[{"embeddable":true,"href":"https:\/\/www.bluesaocanada.com\/fr\/wp-json\/wp\/v2\/media\/4455"}],"wp:attachment":[{"href":"https:\/\/www.bluesaocanada.com\/fr\/wp-json\/wp\/v2\/media?parent=6952"}],"wp:term":[{"taxonomy":"product_brand","embeddable":true,"href":"https:\/\/www.bluesaocanada.com\/fr\/wp-json\/wp\/v2\/product_brand?post=6952"},{"taxonomy":"product_cat","embeddable":true,"href":"https:\/\/www.bluesaocanada.com\/fr\/wp-json\/wp\/v2\/product_cat?post=6952"},{"taxonomy":"product_tag","embeddable":true,"href":"https:\/\/www.bluesaocanada.com\/fr\/wp-json\/wp\/v2\/product_tag?post=6952"}],"curies":[{"name":"wp","href":"https:\/\/api.w.org\/{rel}","templated":true}]}}