{"id":6930,"date":"2020-05-06T22:31:49","date_gmt":"2020-05-07T20:21:56","guid":{"rendered":"https:\/\/www.bluesaocanada.com\/product\/poignee-poincon\/"},"modified":"2020-05-07T20:21:57","modified_gmt":"2020-05-07T20:21:57","slug":"poignee-poincon","status":"publish","type":"product","link":"https:\/\/www.bluesaocanada.com\/fr\/produit\/poignee-poincon\/","title":{"rendered":"Poign\u00e9e poin\u00e7on"},"content":{"rendered":"<p>Poign\u00e9e poin\u00e7on<\/p>\n<p>Ref.no.: 1610001961<\/p>\n","protected":false},"excerpt":{"rendered":"<p>Poign\u00e9e poin\u00e7on Ref.no.: 1610001961<\/p>\n","protected":false},"featured_media":4561,"comment_status":"closed","ping_status":"open","template":"","meta":[],"product_brand":[],"product_cat":[327],"product_tag":[],"class_list":{"0":"post-6930","1":"product","2":"type-product","3":"status-publish","4":"has-post-thumbnail","6":"product_cat-systeme-de-hanche-micro-nano","8":"first","9":"instock","10":"taxable","11":"shipping-taxable","12":"purchasable","13":"product-type-simple"},"_links":{"self":[{"href":"https:\/\/www.bluesaocanada.com\/fr\/wp-json\/wp\/v2\/product\/6930","targetHints":{"allow":["GET"]}}],"collection":[{"href":"https:\/\/www.bluesaocanada.com\/fr\/wp-json\/wp\/v2\/product"}],"about":[{"href":"https:\/\/www.bluesaocanada.com\/fr\/wp-json\/wp\/v2\/types\/product"}],"replies":[{"embeddable":true,"href":"https:\/\/www.bluesaocanada.com\/fr\/wp-json\/wp\/v2\/comments?post=6930"}],"wp:featuredmedia":[{"embeddable":true,"href":"https:\/\/www.bluesaocanada.com\/fr\/wp-json\/wp\/v2\/media\/4561"}],"wp:attachment":[{"href":"https:\/\/www.bluesaocanada.com\/fr\/wp-json\/wp\/v2\/media?parent=6930"}],"wp:term":[{"taxonomy":"product_brand","embeddable":true,"href":"https:\/\/www.bluesaocanada.com\/fr\/wp-json\/wp\/v2\/product_brand?post=6930"},{"taxonomy":"product_cat","embeddable":true,"href":"https:\/\/www.bluesaocanada.com\/fr\/wp-json\/wp\/v2\/product_cat?post=6930"},{"taxonomy":"product_tag","embeddable":true,"href":"https:\/\/www.bluesaocanada.com\/fr\/wp-json\/wp\/v2\/product_tag?post=6930"}],"curies":[{"name":"wp","href":"https:\/\/api.w.org\/{rel}","templated":true}]}}