{"id":6914,"date":"2020-05-06T22:30:45","date_gmt":"2020-05-07T20:20:33","guid":{"rendered":"https:\/\/www.bluesaocanada.com\/product\/manchon-dalesoir-acetabulaire\/"},"modified":"2020-05-07T20:20:35","modified_gmt":"2020-05-07T20:20:35","slug":"manchon-dalesoir-acetabulaire","status":"publish","type":"product","link":"https:\/\/www.bluesaocanada.com\/fr\/produit\/manchon-dalesoir-acetabulaire\/","title":{"rendered":"Manchon d&rsquo;al\u00e9soir ac\u00e9tabulaire"},"content":{"rendered":"<p>Manchon d&rsquo;al\u00e9soir ac\u00e9tabulaire<\/p>\n<p>Ref.no.: 1610001914<\/p>\n","protected":false},"excerpt":{"rendered":"<p>Manchon d&rsquo;al\u00e9soir ac\u00e9tabulaire Ref.no.: 1610001914<\/p>\n","protected":false},"featured_media":4553,"comment_status":"closed","ping_status":"open","template":"","meta":[],"product_brand":[],"product_cat":[327],"product_tag":[],"class_list":{"0":"post-6914","1":"product","2":"type-product","3":"status-publish","4":"has-post-thumbnail","6":"product_cat-systeme-de-hanche-micro-nano","8":"first","9":"instock","10":"taxable","11":"shipping-taxable","12":"purchasable","13":"product-type-simple"},"_links":{"self":[{"href":"https:\/\/www.bluesaocanada.com\/fr\/wp-json\/wp\/v2\/product\/6914","targetHints":{"allow":["GET"]}}],"collection":[{"href":"https:\/\/www.bluesaocanada.com\/fr\/wp-json\/wp\/v2\/product"}],"about":[{"href":"https:\/\/www.bluesaocanada.com\/fr\/wp-json\/wp\/v2\/types\/product"}],"replies":[{"embeddable":true,"href":"https:\/\/www.bluesaocanada.com\/fr\/wp-json\/wp\/v2\/comments?post=6914"}],"wp:featuredmedia":[{"embeddable":true,"href":"https:\/\/www.bluesaocanada.com\/fr\/wp-json\/wp\/v2\/media\/4553"}],"wp:attachment":[{"href":"https:\/\/www.bluesaocanada.com\/fr\/wp-json\/wp\/v2\/media?parent=6914"}],"wp:term":[{"taxonomy":"product_brand","embeddable":true,"href":"https:\/\/www.bluesaocanada.com\/fr\/wp-json\/wp\/v2\/product_brand?post=6914"},{"taxonomy":"product_cat","embeddable":true,"href":"https:\/\/www.bluesaocanada.com\/fr\/wp-json\/wp\/v2\/product_cat?post=6914"},{"taxonomy":"product_tag","embeddable":true,"href":"https:\/\/www.bluesaocanada.com\/fr\/wp-json\/wp\/v2\/product_tag?post=6914"}],"curies":[{"name":"wp","href":"https:\/\/api.w.org\/{rel}","templated":true}]}}