{"id":6850,"date":"2020-05-06T22:26:24","date_gmt":"2020-05-07T20:15:22","guid":{"rendered":"https:\/\/www.bluesaocanada.com\/product\/definir-la-boite-a-instruments\/"},"modified":"2020-05-07T20:15:23","modified_gmt":"2020-05-07T20:15:23","slug":"definir-la-boite-a-instruments","status":"publish","type":"product","link":"https:\/\/www.bluesaocanada.com\/fr\/produit\/definir-la-boite-a-instruments\/","title":{"rendered":"D\u00e9finir la bo\u00eete \u00e0 instruments"},"content":{"rendered":"<p>bo\u00eete \u00e0 instruments<\/p>\n<p>Ref.no.: 1000202014<\/p>\n","protected":false},"excerpt":{"rendered":"<p>bo\u00eete \u00e0 instruments Ref.no.: 1000202014<\/p>\n","protected":false},"featured_media":4385,"comment_status":"closed","ping_status":"closed","template":"","meta":[],"product_brand":[],"product_cat":[328,330],"product_tag":[],"class_list":{"0":"post-6850","1":"product","2":"type-product","3":"status-publish","4":"has-post-thumbnail","6":"product_cat-autres-produits-populaires","7":"product_cat-kit-de-retrait-de-vis-cassees","9":"first","10":"instock","11":"taxable","12":"shipping-taxable","13":"purchasable","14":"product-type-simple"},"_links":{"self":[{"href":"https:\/\/www.bluesaocanada.com\/fr\/wp-json\/wp\/v2\/product\/6850","targetHints":{"allow":["GET"]}}],"collection":[{"href":"https:\/\/www.bluesaocanada.com\/fr\/wp-json\/wp\/v2\/product"}],"about":[{"href":"https:\/\/www.bluesaocanada.com\/fr\/wp-json\/wp\/v2\/types\/product"}],"replies":[{"embeddable":true,"href":"https:\/\/www.bluesaocanada.com\/fr\/wp-json\/wp\/v2\/comments?post=6850"}],"wp:featuredmedia":[{"embeddable":true,"href":"https:\/\/www.bluesaocanada.com\/fr\/wp-json\/wp\/v2\/media\/4385"}],"wp:attachment":[{"href":"https:\/\/www.bluesaocanada.com\/fr\/wp-json\/wp\/v2\/media?parent=6850"}],"wp:term":[{"taxonomy":"product_brand","embeddable":true,"href":"https:\/\/www.bluesaocanada.com\/fr\/wp-json\/wp\/v2\/product_brand?post=6850"},{"taxonomy":"product_cat","embeddable":true,"href":"https:\/\/www.bluesaocanada.com\/fr\/wp-json\/wp\/v2\/product_cat?post=6850"},{"taxonomy":"product_tag","embeddable":true,"href":"https:\/\/www.bluesaocanada.com\/fr\/wp-json\/wp\/v2\/product_tag?post=6850"}],"curies":[{"name":"wp","href":"https:\/\/api.w.org\/{rel}","templated":true}]}}