{"id":6839,"date":"2020-05-06T22:25:46","date_gmt":"2020-05-07T20:14:28","guid":{"rendered":"https:\/\/www.bluesaocanada.com\/product\/definir-lextracteur-antiderapant-s\/"},"modified":"2020-05-07T20:14:29","modified_gmt":"2020-05-07T20:14:29","slug":"definir-lextracteur-antiderapant-s","status":"publish","type":"product","link":"https:\/\/www.bluesaocanada.com\/fr\/produit\/definir-lextracteur-antiderapant-s\/","title":{"rendered":"D\u00e9finir l&rsquo;extracteur antid\u00e9rapant (S)"},"content":{"rendered":"<p>extracteur antid\u00e9rapant (S)<\/p>\n<p>Ref.no.: 1000202003<\/p>\n","protected":false},"excerpt":{"rendered":"<p>extracteur antid\u00e9rapant (S) Ref.no.: 1000202003<\/p>\n","protected":false},"featured_media":4516,"comment_status":"closed","ping_status":"closed","template":"","meta":[],"product_brand":[],"product_cat":[328,330],"product_tag":[],"class_list":{"0":"post-6839","1":"product","2":"type-product","3":"status-publish","4":"has-post-thumbnail","6":"product_cat-autres-produits-populaires","7":"product_cat-kit-de-retrait-de-vis-cassees","9":"first","10":"instock","11":"taxable","12":"shipping-taxable","13":"purchasable","14":"product-type-simple"},"_links":{"self":[{"href":"https:\/\/www.bluesaocanada.com\/fr\/wp-json\/wp\/v2\/product\/6839","targetHints":{"allow":["GET"]}}],"collection":[{"href":"https:\/\/www.bluesaocanada.com\/fr\/wp-json\/wp\/v2\/product"}],"about":[{"href":"https:\/\/www.bluesaocanada.com\/fr\/wp-json\/wp\/v2\/types\/product"}],"replies":[{"embeddable":true,"href":"https:\/\/www.bluesaocanada.com\/fr\/wp-json\/wp\/v2\/comments?post=6839"}],"wp:featuredmedia":[{"embeddable":true,"href":"https:\/\/www.bluesaocanada.com\/fr\/wp-json\/wp\/v2\/media\/4516"}],"wp:attachment":[{"href":"https:\/\/www.bluesaocanada.com\/fr\/wp-json\/wp\/v2\/media?parent=6839"}],"wp:term":[{"taxonomy":"product_brand","embeddable":true,"href":"https:\/\/www.bluesaocanada.com\/fr\/wp-json\/wp\/v2\/product_brand?post=6839"},{"taxonomy":"product_cat","embeddable":true,"href":"https:\/\/www.bluesaocanada.com\/fr\/wp-json\/wp\/v2\/product_cat?post=6839"},{"taxonomy":"product_tag","embeddable":true,"href":"https:\/\/www.bluesaocanada.com\/fr\/wp-json\/wp\/v2\/product_tag?post=6839"}],"curies":[{"name":"wp","href":"https:\/\/api.w.org\/{rel}","templated":true}]}}