{"id":6838,"date":"2020-05-06T22:25:42","date_gmt":"2020-05-07T20:14:24","guid":{"rendered":"https:\/\/www.bluesaocanada.com\/product\/regler-la-poignee-du-tournevis\/"},"modified":"2020-05-07T20:14:24","modified_gmt":"2020-05-07T20:14:24","slug":"regler-la-poignee-du-tournevis","status":"publish","type":"product","link":"https:\/\/www.bluesaocanada.com\/fr\/produit\/regler-la-poignee-du-tournevis\/","title":{"rendered":"R\u00e9gler la poign\u00e9e du tournevis"},"content":{"rendered":"<p>tournevis poign\u00e9e<\/p>\n<p>Ref.no.: 201102012<\/p>\n","protected":false},"excerpt":{"rendered":"<p>tournevis poign\u00e9e Ref.no.: 201102012<\/p>\n","protected":false},"featured_media":4366,"comment_status":"closed","ping_status":"closed","template":"","meta":[],"product_brand":[],"product_cat":[328,330],"product_tag":[],"class_list":{"0":"post-6838","1":"product","2":"type-product","3":"status-publish","4":"has-post-thumbnail","6":"product_cat-autres-produits-populaires","7":"product_cat-kit-de-retrait-de-vis-cassees","9":"first","10":"instock","11":"taxable","12":"shipping-taxable","13":"purchasable","14":"product-type-simple"},"_links":{"self":[{"href":"https:\/\/www.bluesaocanada.com\/fr\/wp-json\/wp\/v2\/product\/6838","targetHints":{"allow":["GET"]}}],"collection":[{"href":"https:\/\/www.bluesaocanada.com\/fr\/wp-json\/wp\/v2\/product"}],"about":[{"href":"https:\/\/www.bluesaocanada.com\/fr\/wp-json\/wp\/v2\/types\/product"}],"replies":[{"embeddable":true,"href":"https:\/\/www.bluesaocanada.com\/fr\/wp-json\/wp\/v2\/comments?post=6838"}],"wp:featuredmedia":[{"embeddable":true,"href":"https:\/\/www.bluesaocanada.com\/fr\/wp-json\/wp\/v2\/media\/4366"}],"wp:attachment":[{"href":"https:\/\/www.bluesaocanada.com\/fr\/wp-json\/wp\/v2\/media?parent=6838"}],"wp:term":[{"taxonomy":"product_brand","embeddable":true,"href":"https:\/\/www.bluesaocanada.com\/fr\/wp-json\/wp\/v2\/product_brand?post=6838"},{"taxonomy":"product_cat","embeddable":true,"href":"https:\/\/www.bluesaocanada.com\/fr\/wp-json\/wp\/v2\/product_cat?post=6838"},{"taxonomy":"product_tag","embeddable":true,"href":"https:\/\/www.bluesaocanada.com\/fr\/wp-json\/wp\/v2\/product_tag?post=6838"}],"curies":[{"name":"wp","href":"https:\/\/api.w.org\/{rel}","templated":true}]}}