{"id":6791,"date":"2020-05-06T22:22:47","date_gmt":"2020-05-07T20:10:39","guid":{"rendered":"https:\/\/www.bluesaocanada.com\/product\/pince-de-separation-de-tete-femorale\/"},"modified":"2020-05-07T20:10:40","modified_gmt":"2020-05-07T20:10:40","slug":"pince-de-separation-de-tete-femorale","status":"publish","type":"product","link":"https:\/\/www.bluesaocanada.com\/fr\/produit\/pince-de-separation-de-tete-femorale\/","title":{"rendered":"Pince de s\u00e9paration de t\u00eate f\u00e9morale"},"content":{"rendered":"<p>Pince de s\u00e9paration de t\u00eate f\u00e9morale<\/p>\n<p>Ref.no.: 1650000002<\/p>\n","protected":false},"excerpt":{"rendered":"<p>Pince de s\u00e9paration de t\u00eate f\u00e9morale Ref.no.: 1650000002<\/p>\n","protected":false},"featured_media":4574,"comment_status":"closed","ping_status":"open","template":"","meta":[],"product_brand":[],"product_cat":[318,325],"product_tag":[],"class_list":{"0":"post-6791","1":"product","2":"type-product","3":"status-publish","4":"has-post-thumbnail","6":"product_cat-instruments-generaux","7":"product_cat-systeme-general-thr","9":"first","10":"instock","11":"taxable","12":"shipping-taxable","13":"purchasable","14":"product-type-simple"},"_links":{"self":[{"href":"https:\/\/www.bluesaocanada.com\/fr\/wp-json\/wp\/v2\/product\/6791","targetHints":{"allow":["GET"]}}],"collection":[{"href":"https:\/\/www.bluesaocanada.com\/fr\/wp-json\/wp\/v2\/product"}],"about":[{"href":"https:\/\/www.bluesaocanada.com\/fr\/wp-json\/wp\/v2\/types\/product"}],"replies":[{"embeddable":true,"href":"https:\/\/www.bluesaocanada.com\/fr\/wp-json\/wp\/v2\/comments?post=6791"}],"wp:featuredmedia":[{"embeddable":true,"href":"https:\/\/www.bluesaocanada.com\/fr\/wp-json\/wp\/v2\/media\/4574"}],"wp:attachment":[{"href":"https:\/\/www.bluesaocanada.com\/fr\/wp-json\/wp\/v2\/media?parent=6791"}],"wp:term":[{"taxonomy":"product_brand","embeddable":true,"href":"https:\/\/www.bluesaocanada.com\/fr\/wp-json\/wp\/v2\/product_brand?post=6791"},{"taxonomy":"product_cat","embeddable":true,"href":"https:\/\/www.bluesaocanada.com\/fr\/wp-json\/wp\/v2\/product_cat?post=6791"},{"taxonomy":"product_tag","embeddable":true,"href":"https:\/\/www.bluesaocanada.com\/fr\/wp-json\/wp\/v2\/product_tag?post=6791"}],"curies":[{"name":"wp","href":"https:\/\/api.w.org\/{rel}","templated":true}]}}