{"id":6789,"date":"2020-05-06T22:22:40","date_gmt":"2020-05-07T20:10:29","guid":{"rendered":"https:\/\/www.bluesaocanada.com\/product\/dissecteur-perioste\/"},"modified":"2020-05-07T20:10:30","modified_gmt":"2020-05-07T20:10:30","slug":"dissecteur-perioste","status":"publish","type":"product","link":"https:\/\/www.bluesaocanada.com\/fr\/produit\/dissecteur-perioste\/","title":{"rendered":"Dissecteur p\u00e9riost\u00e9"},"content":{"rendered":"<p>Dissecteur p\u00e9riost\u00e9<\/p>\n<p>Ref.no.: 300502002<\/p>\n","protected":false},"excerpt":{"rendered":"<p>Dissecteur p\u00e9riost\u00e9 Ref.no.: 300502002<\/p>\n","protected":false},"featured_media":4479,"comment_status":"closed","ping_status":"open","template":"","meta":[],"product_brand":[],"product_cat":[318,325],"product_tag":[],"class_list":{"0":"post-6789","1":"product","2":"type-product","3":"status-publish","4":"has-post-thumbnail","6":"product_cat-instruments-generaux","7":"product_cat-systeme-general-thr","9":"first","10":"instock","11":"taxable","12":"shipping-taxable","13":"purchasable","14":"product-type-simple"},"_links":{"self":[{"href":"https:\/\/www.bluesaocanada.com\/fr\/wp-json\/wp\/v2\/product\/6789","targetHints":{"allow":["GET"]}}],"collection":[{"href":"https:\/\/www.bluesaocanada.com\/fr\/wp-json\/wp\/v2\/product"}],"about":[{"href":"https:\/\/www.bluesaocanada.com\/fr\/wp-json\/wp\/v2\/types\/product"}],"replies":[{"embeddable":true,"href":"https:\/\/www.bluesaocanada.com\/fr\/wp-json\/wp\/v2\/comments?post=6789"}],"wp:featuredmedia":[{"embeddable":true,"href":"https:\/\/www.bluesaocanada.com\/fr\/wp-json\/wp\/v2\/media\/4479"}],"wp:attachment":[{"href":"https:\/\/www.bluesaocanada.com\/fr\/wp-json\/wp\/v2\/media?parent=6789"}],"wp:term":[{"taxonomy":"product_brand","embeddable":true,"href":"https:\/\/www.bluesaocanada.com\/fr\/wp-json\/wp\/v2\/product_brand?post=6789"},{"taxonomy":"product_cat","embeddable":true,"href":"https:\/\/www.bluesaocanada.com\/fr\/wp-json\/wp\/v2\/product_cat?post=6789"},{"taxonomy":"product_tag","embeddable":true,"href":"https:\/\/www.bluesaocanada.com\/fr\/wp-json\/wp\/v2\/product_tag?post=6789"}],"curies":[{"name":"wp","href":"https:\/\/api.w.org\/{rel}","templated":true}]}}