{"id":6785,"date":"2020-05-06T22:22:18","date_gmt":"2020-05-07T20:10:03","guid":{"rendered":"https:\/\/www.bluesaocanada.com\/product\/crochet-de-trainee-l\/"},"modified":"2020-05-07T20:10:04","modified_gmt":"2020-05-07T20:10:04","slug":"crochet-de-trainee-l","status":"publish","type":"product","link":"https:\/\/www.bluesaocanada.com\/fr\/produit\/crochet-de-trainee-l\/","title":{"rendered":"Crochet de tra\u00een\u00e9e (L)"},"content":{"rendered":"<p>Crochet de tra\u00een\u00e9e (L)<\/p>\n<p>Ref.no.: 300602002<\/p>\n","protected":false},"excerpt":{"rendered":"<p>Crochet de tra\u00een\u00e9e (L) Ref.no.: 300602002<\/p>\n","protected":false},"featured_media":4589,"comment_status":"closed","ping_status":"open","template":"","meta":[],"product_brand":[],"product_cat":[318,325],"product_tag":[],"class_list":{"0":"post-6785","1":"product","2":"type-product","3":"status-publish","4":"has-post-thumbnail","6":"product_cat-instruments-generaux","7":"product_cat-systeme-general-thr","9":"first","10":"instock","11":"taxable","12":"shipping-taxable","13":"purchasable","14":"product-type-simple"},"_links":{"self":[{"href":"https:\/\/www.bluesaocanada.com\/fr\/wp-json\/wp\/v2\/product\/6785","targetHints":{"allow":["GET"]}}],"collection":[{"href":"https:\/\/www.bluesaocanada.com\/fr\/wp-json\/wp\/v2\/product"}],"about":[{"href":"https:\/\/www.bluesaocanada.com\/fr\/wp-json\/wp\/v2\/types\/product"}],"replies":[{"embeddable":true,"href":"https:\/\/www.bluesaocanada.com\/fr\/wp-json\/wp\/v2\/comments?post=6785"}],"wp:featuredmedia":[{"embeddable":true,"href":"https:\/\/www.bluesaocanada.com\/fr\/wp-json\/wp\/v2\/media\/4589"}],"wp:attachment":[{"href":"https:\/\/www.bluesaocanada.com\/fr\/wp-json\/wp\/v2\/media?parent=6785"}],"wp:term":[{"taxonomy":"product_brand","embeddable":true,"href":"https:\/\/www.bluesaocanada.com\/fr\/wp-json\/wp\/v2\/product_brand?post=6785"},{"taxonomy":"product_cat","embeddable":true,"href":"https:\/\/www.bluesaocanada.com\/fr\/wp-json\/wp\/v2\/product_cat?post=6785"},{"taxonomy":"product_tag","embeddable":true,"href":"https:\/\/www.bluesaocanada.com\/fr\/wp-json\/wp\/v2\/product_tag?post=6785"}],"curies":[{"name":"wp","href":"https:\/\/api.w.org\/{rel}","templated":true}]}}