{"id":6769,"date":"2020-05-06T22:21:21","date_gmt":"2020-05-07T20:08:39","guid":{"rendered":"https:\/\/www.bluesaocanada.com\/product\/ciment-osseux-a-faible-viscosite\/"},"modified":"2020-05-07T20:08:40","modified_gmt":"2020-05-07T20:08:40","slug":"ciment-osseux-a-faible-viscosite","status":"publish","type":"product","link":"https:\/\/www.bluesaocanada.com\/fr\/produit\/ciment-osseux-a-faible-viscosite\/","title":{"rendered":"Ciment osseux \u00e0 faible viscosit\u00e9"},"content":{"rendered":"<p>Ciment osseux \u00e0 faible viscosit\u00e9<\/p>\n<p>Ref.no.: 1630000001<\/p>\n","protected":false},"excerpt":{"rendered":"<p>Ciment osseux \u00e0 faible viscosit\u00e9 Ref.no.: 1630000001<\/p>\n","protected":false},"featured_media":4584,"comment_status":"closed","ping_status":"open","template":"","meta":[],"product_brand":[],"product_cat":[328],"product_tag":[],"class_list":{"0":"post-6769","1":"product","2":"type-product","3":"status-publish","4":"has-post-thumbnail","6":"product_cat-autres-produits-populaires","8":"first","9":"instock","10":"taxable","11":"shipping-taxable","12":"purchasable","13":"product-type-simple"},"_links":{"self":[{"href":"https:\/\/www.bluesaocanada.com\/fr\/wp-json\/wp\/v2\/product\/6769","targetHints":{"allow":["GET"]}}],"collection":[{"href":"https:\/\/www.bluesaocanada.com\/fr\/wp-json\/wp\/v2\/product"}],"about":[{"href":"https:\/\/www.bluesaocanada.com\/fr\/wp-json\/wp\/v2\/types\/product"}],"replies":[{"embeddable":true,"href":"https:\/\/www.bluesaocanada.com\/fr\/wp-json\/wp\/v2\/comments?post=6769"}],"wp:featuredmedia":[{"embeddable":true,"href":"https:\/\/www.bluesaocanada.com\/fr\/wp-json\/wp\/v2\/media\/4584"}],"wp:attachment":[{"href":"https:\/\/www.bluesaocanada.com\/fr\/wp-json\/wp\/v2\/media?parent=6769"}],"wp:term":[{"taxonomy":"product_brand","embeddable":true,"href":"https:\/\/www.bluesaocanada.com\/fr\/wp-json\/wp\/v2\/product_brand?post=6769"},{"taxonomy":"product_cat","embeddable":true,"href":"https:\/\/www.bluesaocanada.com\/fr\/wp-json\/wp\/v2\/product_cat?post=6769"},{"taxonomy":"product_tag","embeddable":true,"href":"https:\/\/www.bluesaocanada.com\/fr\/wp-json\/wp\/v2\/product_tag?post=6769"}],"curies":[{"name":"wp","href":"https:\/\/api.w.org\/{rel}","templated":true}]}}