{"id":6751,"date":"2020-05-06T22:20:24","date_gmt":"2020-05-07T20:07:14","guid":{"rendered":"https:\/\/www.bluesaocanada.com\/product\/ensemble-de-pieces-a-main\/"},"modified":"2020-12-06T20:43:51","modified_gmt":"2020-12-07T01:43:51","slug":"scie-a-tplo","status":"publish","type":"product","link":"https:\/\/www.bluesaocanada.com\/fr\/produit\/scie-a-tplo\/","title":{"rendered":"Scie a TPLO"},"content":{"rendered":"<p>pi\u00e8ce \u00e0 main (x1)<br \/>\nlame de scie? n&rsquo;importe quelle taille, vous pouvez choisir? (x1)<br \/>\ntournevis de verrouillage (x2)<br \/>\n\u00e9crou de vis de verrouillage (x2)<br \/>\nbatterie (x2)<br \/>\nchargeur (x1)<br \/>\ncercle de st\u00e9rilisation (X2)<br \/>\nbo\u00eete de st\u00e9rilisation (x1)<\/p>\n<p>Ref.no.: 500522001<\/p>\n","protected":false},"excerpt":{"rendered":"<p>pi\u00e8ce \u00e0 main (x1) lame de scie? n&rsquo;importe quelle taille, vous pouvez choisir? (x1) tournevis de verrouillage (x2) \u00e9crou de vis de verrouillage (x2) batterie (x2)<span class=\"excerpt-hellip\"> [\u2026]<\/span><\/p>\n","protected":false},"featured_media":8247,"comment_status":"closed","ping_status":"closed","template":"","meta":[],"product_brand":[],"product_cat":[375,376],"product_tag":[],"class_list":{"0":"post-6751","1":"product","2":"type-product","3":"status-publish","4":"has-post-thumbnail","6":"product_cat-outil-electrique","7":"product_cat-scie-a-tplo","9":"first","10":"instock","11":"taxable","12":"shipping-taxable","13":"purchasable","14":"product-type-simple"},"_links":{"self":[{"href":"https:\/\/www.bluesaocanada.com\/fr\/wp-json\/wp\/v2\/product\/6751","targetHints":{"allow":["GET"]}}],"collection":[{"href":"https:\/\/www.bluesaocanada.com\/fr\/wp-json\/wp\/v2\/product"}],"about":[{"href":"https:\/\/www.bluesaocanada.com\/fr\/wp-json\/wp\/v2\/types\/product"}],"replies":[{"embeddable":true,"href":"https:\/\/www.bluesaocanada.com\/fr\/wp-json\/wp\/v2\/comments?post=6751"}],"wp:featuredmedia":[{"embeddable":true,"href":"https:\/\/www.bluesaocanada.com\/fr\/wp-json\/wp\/v2\/media\/8247"}],"wp:attachment":[{"href":"https:\/\/www.bluesaocanada.com\/fr\/wp-json\/wp\/v2\/media?parent=6751"}],"wp:term":[{"taxonomy":"product_brand","embeddable":true,"href":"https:\/\/www.bluesaocanada.com\/fr\/wp-json\/wp\/v2\/product_brand?post=6751"},{"taxonomy":"product_cat","embeddable":true,"href":"https:\/\/www.bluesaocanada.com\/fr\/wp-json\/wp\/v2\/product_cat?post=6751"},{"taxonomy":"product_tag","embeddable":true,"href":"https:\/\/www.bluesaocanada.com\/fr\/wp-json\/wp\/v2\/product_tag?post=6751"}],"curies":[{"name":"wp","href":"https:\/\/api.w.org\/{rel}","templated":true}]}}