{"id":6725,"date":"2020-05-06T22:19:04","date_gmt":"2020-05-07T20:05:29","guid":{"rendered":"https:\/\/www.bluesaocanada.com\/product\/tete-de-forage-a-couplage-rapide\/"},"modified":"2020-05-07T20:05:31","modified_gmt":"2020-05-07T20:05:31","slug":"tete-de-forage-a-couplage-rapide","status":"publish","type":"product","link":"https:\/\/www.bluesaocanada.com\/fr\/produit\/tete-de-forage-a-couplage-rapide\/","title":{"rendered":"T\u00eate de forage \u00e0 couplage rapide"},"content":{"rendered":"<p>t\u00eate de forage \u00e0 couplage rapide<\/p>\n<p>Ref.no.: 500122004<\/p>\n","protected":false},"excerpt":{"rendered":"<p>t\u00eate de forage \u00e0 couplage rapide Ref.no.: 500122004<\/p>\n","protected":false},"featured_media":4600,"comment_status":"closed","ping_status":"open","template":"","meta":[],"product_brand":[],"product_cat":[375,379],"product_tag":[],"class_list":{"0":"post-6725","1":"product","2":"type-product","3":"status-publish","4":"has-post-thumbnail","6":"product_cat-outil-electrique","7":"product_cat-scie-a-foret-multifonction","9":"first","10":"instock","11":"taxable","12":"shipping-taxable","13":"purchasable","14":"product-type-simple"},"_links":{"self":[{"href":"https:\/\/www.bluesaocanada.com\/fr\/wp-json\/wp\/v2\/product\/6725","targetHints":{"allow":["GET"]}}],"collection":[{"href":"https:\/\/www.bluesaocanada.com\/fr\/wp-json\/wp\/v2\/product"}],"about":[{"href":"https:\/\/www.bluesaocanada.com\/fr\/wp-json\/wp\/v2\/types\/product"}],"replies":[{"embeddable":true,"href":"https:\/\/www.bluesaocanada.com\/fr\/wp-json\/wp\/v2\/comments?post=6725"}],"wp:featuredmedia":[{"embeddable":true,"href":"https:\/\/www.bluesaocanada.com\/fr\/wp-json\/wp\/v2\/media\/4600"}],"wp:attachment":[{"href":"https:\/\/www.bluesaocanada.com\/fr\/wp-json\/wp\/v2\/media?parent=6725"}],"wp:term":[{"taxonomy":"product_brand","embeddable":true,"href":"https:\/\/www.bluesaocanada.com\/fr\/wp-json\/wp\/v2\/product_brand?post=6725"},{"taxonomy":"product_cat","embeddable":true,"href":"https:\/\/www.bluesaocanada.com\/fr\/wp-json\/wp\/v2\/product_cat?post=6725"},{"taxonomy":"product_tag","embeddable":true,"href":"https:\/\/www.bluesaocanada.com\/fr\/wp-json\/wp\/v2\/product_tag?post=6725"}],"curies":[{"name":"wp","href":"https:\/\/api.w.org\/{rel}","templated":true}]}}