{"id":6722,"date":"2020-05-06T22:18:53","date_gmt":"2020-05-07T20:05:16","guid":{"rendered":"https:\/\/www.bluesaocanada.com\/product\/scie-a-foret-multifonction\/"},"modified":"2020-05-07T20:05:17","modified_gmt":"2020-05-07T20:05:17","slug":"scie-a-foret-multifonction","status":"publish","type":"product","link":"https:\/\/www.bluesaocanada.com\/fr\/produit\/scie-a-foret-multifonction\/","title":{"rendered":"Scie \u00e0 foret multifonction"},"content":{"rendered":"<p>scie de forage multifonction (4 mandrins: t\u00eate de forage normale, t\u00eate de forage \u00e0 couplage rapide, t\u00eate de scie oscillante, t\u00eate \u00e0 fil k)<\/p>\n<p>Ref.no.: 500322005<\/p>\n","protected":false},"excerpt":{"rendered":"<p>scie de forage multifonction (4 mandrins: t\u00eate de forage normale, t\u00eate de forage \u00e0 couplage rapide, t\u00eate de scie oscillante, t\u00eate \u00e0 fil k) Ref.no.: 500322005<\/p>\n","protected":false},"featured_media":4597,"comment_status":"closed","ping_status":"open","template":"","meta":[],"product_brand":[],"product_cat":[375,379],"product_tag":[],"class_list":{"0":"post-6722","1":"product","2":"type-product","3":"status-publish","4":"has-post-thumbnail","6":"product_cat-outil-electrique","7":"product_cat-scie-a-foret-multifonction","9":"first","10":"instock","11":"taxable","12":"shipping-taxable","13":"purchasable","14":"product-type-simple"},"_links":{"self":[{"href":"https:\/\/www.bluesaocanada.com\/fr\/wp-json\/wp\/v2\/product\/6722","targetHints":{"allow":["GET"]}}],"collection":[{"href":"https:\/\/www.bluesaocanada.com\/fr\/wp-json\/wp\/v2\/product"}],"about":[{"href":"https:\/\/www.bluesaocanada.com\/fr\/wp-json\/wp\/v2\/types\/product"}],"replies":[{"embeddable":true,"href":"https:\/\/www.bluesaocanada.com\/fr\/wp-json\/wp\/v2\/comments?post=6722"}],"wp:featuredmedia":[{"embeddable":true,"href":"https:\/\/www.bluesaocanada.com\/fr\/wp-json\/wp\/v2\/media\/4597"}],"wp:attachment":[{"href":"https:\/\/www.bluesaocanada.com\/fr\/wp-json\/wp\/v2\/media?parent=6722"}],"wp:term":[{"taxonomy":"product_brand","embeddable":true,"href":"https:\/\/www.bluesaocanada.com\/fr\/wp-json\/wp\/v2\/product_brand?post=6722"},{"taxonomy":"product_cat","embeddable":true,"href":"https:\/\/www.bluesaocanada.com\/fr\/wp-json\/wp\/v2\/product_cat?post=6722"},{"taxonomy":"product_tag","embeddable":true,"href":"https:\/\/www.bluesaocanada.com\/fr\/wp-json\/wp\/v2\/product_tag?post=6722"}],"curies":[{"name":"wp","href":"https:\/\/api.w.org\/{rel}","templated":true}]}}