{"id":6671,"date":"2020-05-06T22:53:22","date_gmt":"2020-05-07T19:55:47","guid":{"rendered":"https:\/\/www.bluesaocanada.com\/product\/douille-de-percage-de-20-mm-compressee\/"},"modified":"2020-05-07T19:55:48","modified_gmt":"2020-05-07T19:55:48","slug":"douille-de-percage-de-20-mm-compressee","status":"publish","type":"product","link":"https:\/\/www.bluesaocanada.com\/fr\/produit\/douille-de-percage-de-20-mm-compressee\/","title":{"rendered":"Douille de per\u00e7age de 2,0 mm (compress\u00e9e)"},"content":{"rendered":"<p>Guide-m\u00e8che de 2,0 mm (comprim\u00e9)<\/p>\n<p>Ref.ni.: 200602020<\/p>\n","protected":false},"excerpt":{"rendered":"<p>Guide-m\u00e8che de 2,0 mm (comprim\u00e9) Ref.ni.: 200602020<\/p>\n","protected":false},"featured_media":4349,"comment_status":"closed","ping_status":"closed","template":"","meta":[],"product_brand":[],"product_cat":[382,383,388],"product_tag":[],"class_list":{"0":"post-6671","1":"product","2":"type-product","3":"status-publish","4":"has-post-thumbnail","6":"product_cat-tplo-fr","7":"product_cat-tplo-l-fr","8":"product_cat-instruments-prcl","10":"first","11":"instock","12":"taxable","13":"shipping-taxable","14":"purchasable","15":"product-type-simple"},"_links":{"self":[{"href":"https:\/\/www.bluesaocanada.com\/fr\/wp-json\/wp\/v2\/product\/6671","targetHints":{"allow":["GET"]}}],"collection":[{"href":"https:\/\/www.bluesaocanada.com\/fr\/wp-json\/wp\/v2\/product"}],"about":[{"href":"https:\/\/www.bluesaocanada.com\/fr\/wp-json\/wp\/v2\/types\/product"}],"replies":[{"embeddable":true,"href":"https:\/\/www.bluesaocanada.com\/fr\/wp-json\/wp\/v2\/comments?post=6671"}],"wp:featuredmedia":[{"embeddable":true,"href":"https:\/\/www.bluesaocanada.com\/fr\/wp-json\/wp\/v2\/media\/4349"}],"wp:attachment":[{"href":"https:\/\/www.bluesaocanada.com\/fr\/wp-json\/wp\/v2\/media?parent=6671"}],"wp:term":[{"taxonomy":"product_brand","embeddable":true,"href":"https:\/\/www.bluesaocanada.com\/fr\/wp-json\/wp\/v2\/product_brand?post=6671"},{"taxonomy":"product_cat","embeddable":true,"href":"https:\/\/www.bluesaocanada.com\/fr\/wp-json\/wp\/v2\/product_cat?post=6671"},{"taxonomy":"product_tag","embeddable":true,"href":"https:\/\/www.bluesaocanada.com\/fr\/wp-json\/wp\/v2\/product_tag?post=6671"}],"curies":[{"name":"wp","href":"https:\/\/api.w.org\/{rel}","templated":true}]}}