{"id":6626,"date":"2020-05-06T22:50:34","date_gmt":"2020-05-07T19:52:17","guid":{"rendered":"https:\/\/www.bluesaocanada.com\/product\/guide-meche-de-18-mm-vissage-pre-verrouillage\/"},"modified":"2020-05-07T19:52:20","modified_gmt":"2020-05-07T19:52:20","slug":"guide-meche-de-18-mm-vissage-pre-verrouillage","status":"publish","type":"product","link":"https:\/\/www.bluesaocanada.com\/fr\/produit\/guide-meche-de-18-mm-vissage-pre-verrouillage\/","title":{"rendered":"Guide-m\u00e8che de 1,8 mm (vissage \/ pr\u00e9-verrouillage)"},"content":{"rendered":"<p>Guide-m\u00e8che de 1,8 mm (viss\u00e9 \/ pr\u00e9-verrouill\u00e9)<\/p>\n<p>Ref.ni.: 200702018<\/p>\n","protected":false},"excerpt":{"rendered":"<p>Guide-m\u00e8che de 1,8 mm (viss\u00e9 \/ pr\u00e9-verrouill\u00e9) Ref.ni.: 200702018<\/p>\n","protected":false},"featured_media":4364,"comment_status":"closed","ping_status":"closed","template":"","meta":[],"product_brand":[],"product_cat":[382,390,395],"product_tag":[],"class_list":{"0":"post-6626","1":"product","2":"type-product","3":"status-publish","4":"has-post-thumbnail","6":"product_cat-tplo-fr","7":"product_cat-tplo-m-fr","8":"product_cat-instruments-prcl-fr","10":"first","11":"instock","12":"taxable","13":"shipping-taxable","14":"purchasable","15":"product-type-simple"},"_links":{"self":[{"href":"https:\/\/www.bluesaocanada.com\/fr\/wp-json\/wp\/v2\/product\/6626","targetHints":{"allow":["GET"]}}],"collection":[{"href":"https:\/\/www.bluesaocanada.com\/fr\/wp-json\/wp\/v2\/product"}],"about":[{"href":"https:\/\/www.bluesaocanada.com\/fr\/wp-json\/wp\/v2\/types\/product"}],"replies":[{"embeddable":true,"href":"https:\/\/www.bluesaocanada.com\/fr\/wp-json\/wp\/v2\/comments?post=6626"}],"wp:featuredmedia":[{"embeddable":true,"href":"https:\/\/www.bluesaocanada.com\/fr\/wp-json\/wp\/v2\/media\/4364"}],"wp:attachment":[{"href":"https:\/\/www.bluesaocanada.com\/fr\/wp-json\/wp\/v2\/media?parent=6626"}],"wp:term":[{"taxonomy":"product_brand","embeddable":true,"href":"https:\/\/www.bluesaocanada.com\/fr\/wp-json\/wp\/v2\/product_brand?post=6626"},{"taxonomy":"product_cat","embeddable":true,"href":"https:\/\/www.bluesaocanada.com\/fr\/wp-json\/wp\/v2\/product_cat?post=6626"},{"taxonomy":"product_tag","embeddable":true,"href":"https:\/\/www.bluesaocanada.com\/fr\/wp-json\/wp\/v2\/product_tag?post=6626"}],"curies":[{"name":"wp","href":"https:\/\/api.w.org\/{rel}","templated":true}]}}