{"id":6620,"date":"2020-05-06T22:50:13","date_gmt":"2020-05-07T19:51:50","guid":{"rendered":"https:\/\/www.bluesaocanada.com\/product\/ophtalmique-oculaire-courbe-20-mm-type-a-vis-2\/"},"modified":"2020-05-07T19:51:51","modified_gmt":"2020-05-07T19:51:51","slug":"ophtalmique-oculaire-courbe-20-mm-type-a-vis-2","status":"publish","type":"product","link":"https:\/\/www.bluesaocanada.com\/fr\/produit\/ophtalmique-oculaire-courbe-20-mm-type-a-vis-2\/","title":{"rendered":"Ophtalmique oculaire &#8211; Courbe &#8211; 20 mm &#8211; Type \u00e0 vis?"},"content":{"rendered":"<p>oeil ophtalmique &#8211; type \u00e0 vis incurv\u00e9e de 20 mm?<\/p>\n<p>Ref.ni.: 1400101502<\/p>\n","protected":false},"excerpt":{"rendered":"<p>oeil ophtalmique &#8211; type \u00e0 vis incurv\u00e9e de 20 mm? Ref.ni.: 1400101502<\/p>\n","protected":false},"featured_media":7565,"comment_status":"closed","ping_status":"closed","template":"","meta":[],"product_brand":[],"product_cat":[382,390,396],"product_tag":[],"class_list":{"0":"post-6620","1":"product","2":"type-product","3":"status-publish","4":"has-post-thumbnail","6":"product_cat-tplo-fr","7":"product_cat-tplo-m-fr","8":"product_cat-instrument-special-fr","10":"first","11":"instock","12":"taxable","13":"shipping-taxable","14":"purchasable","15":"product-type-simple"},"_links":{"self":[{"href":"https:\/\/www.bluesaocanada.com\/fr\/wp-json\/wp\/v2\/product\/6620","targetHints":{"allow":["GET"]}}],"collection":[{"href":"https:\/\/www.bluesaocanada.com\/fr\/wp-json\/wp\/v2\/product"}],"about":[{"href":"https:\/\/www.bluesaocanada.com\/fr\/wp-json\/wp\/v2\/types\/product"}],"replies":[{"embeddable":true,"href":"https:\/\/www.bluesaocanada.com\/fr\/wp-json\/wp\/v2\/comments?post=6620"}],"wp:featuredmedia":[{"embeddable":true,"href":"https:\/\/www.bluesaocanada.com\/fr\/wp-json\/wp\/v2\/media\/7565"}],"wp:attachment":[{"href":"https:\/\/www.bluesaocanada.com\/fr\/wp-json\/wp\/v2\/media?parent=6620"}],"wp:term":[{"taxonomy":"product_brand","embeddable":true,"href":"https:\/\/www.bluesaocanada.com\/fr\/wp-json\/wp\/v2\/product_brand?post=6620"},{"taxonomy":"product_cat","embeddable":true,"href":"https:\/\/www.bluesaocanada.com\/fr\/wp-json\/wp\/v2\/product_cat?post=6620"},{"taxonomy":"product_tag","embeddable":true,"href":"https:\/\/www.bluesaocanada.com\/fr\/wp-json\/wp\/v2\/product_tag?post=6620"}],"curies":[{"name":"wp","href":"https:\/\/api.w.org\/{rel}","templated":true}]}}