{"id":6579,"date":"2020-05-06T22:47:39","date_gmt":"2020-05-07T19:48:39","guid":{"rendered":"https:\/\/www.bluesaocanada.com\/product\/guide-meche-de-11-mm-vissage-pre-verrouillage\/"},"modified":"2020-05-07T19:48:40","modified_gmt":"2020-05-07T19:48:40","slug":"guide-meche-de-11-mm-vissage-pre-verrouillage","status":"publish","type":"product","link":"https:\/\/www.bluesaocanada.com\/fr\/produit\/guide-meche-de-11-mm-vissage-pre-verrouillage\/","title":{"rendered":"Guide-m\u00e8che de 1,1 mm (vissage \/ pr\u00e9-verrouillage)"},"content":{"rendered":"<p>Guide-m\u00e8che de 1,1 mm (viss\u00e9 \/ pr\u00e9-verrouill\u00e9)<\/p>\n<p>Ref.ni.: 200702011<\/p>\n","protected":false},"excerpt":{"rendered":"<p>Guide-m\u00e8che de 1,1 mm (viss\u00e9 \/ pr\u00e9-verrouill\u00e9) Ref.ni.: 200702011<\/p>\n","protected":false},"featured_media":4418,"comment_status":"closed","ping_status":"closed","template":"","meta":[],"product_brand":[],"product_cat":[382,397,402],"product_tag":[],"class_list":{"0":"post-6579","1":"product","2":"type-product","3":"status-publish","4":"has-post-thumbnail","6":"product_cat-tplo-fr","7":"product_cat-tplo-s-fr","8":"product_cat-instruments-prcl-fr-2","10":"first","11":"instock","12":"taxable","13":"shipping-taxable","14":"purchasable","15":"product-type-simple"},"_links":{"self":[{"href":"https:\/\/www.bluesaocanada.com\/fr\/wp-json\/wp\/v2\/product\/6579","targetHints":{"allow":["GET"]}}],"collection":[{"href":"https:\/\/www.bluesaocanada.com\/fr\/wp-json\/wp\/v2\/product"}],"about":[{"href":"https:\/\/www.bluesaocanada.com\/fr\/wp-json\/wp\/v2\/types\/product"}],"replies":[{"embeddable":true,"href":"https:\/\/www.bluesaocanada.com\/fr\/wp-json\/wp\/v2\/comments?post=6579"}],"wp:featuredmedia":[{"embeddable":true,"href":"https:\/\/www.bluesaocanada.com\/fr\/wp-json\/wp\/v2\/media\/4418"}],"wp:attachment":[{"href":"https:\/\/www.bluesaocanada.com\/fr\/wp-json\/wp\/v2\/media?parent=6579"}],"wp:term":[{"taxonomy":"product_brand","embeddable":true,"href":"https:\/\/www.bluesaocanada.com\/fr\/wp-json\/wp\/v2\/product_brand?post=6579"},{"taxonomy":"product_cat","embeddable":true,"href":"https:\/\/www.bluesaocanada.com\/fr\/wp-json\/wp\/v2\/product_cat?post=6579"},{"taxonomy":"product_tag","embeddable":true,"href":"https:\/\/www.bluesaocanada.com\/fr\/wp-json\/wp\/v2\/product_tag?post=6579"}],"curies":[{"name":"wp","href":"https:\/\/api.w.org\/{rel}","templated":true}]}}