{"id":15221,"date":"2019-01-29T18:34:25","date_gmt":"2019-01-29T18:34:25","guid":{"rendered":"https:\/\/www.bluesaocanada.com\/privacy-policy\/"},"modified":"2025-05-12T14:12:37","modified_gmt":"2025-05-12T18:12:37","slug":"privacy-policy","status":"publish","type":"page","link":"https:\/\/www.bluesaocanada.com\/fr\/privacy-policy\/","title":{"rendered":"Politique de confidentialit\u00e9"},"content":{"rendered":"<p class=\"\" data-start=\"128\" data-end=\"179\"><strong data-start=\"128\" data-end=\"146\">BlueSAO Canada<\/strong><br data-start=\"146\" data-end=\"149\" \/><strong data-start=\"149\" data-end=\"168\">Date d&rsquo;entr\u00e9e en vigueur:<\/strong> 2025-05-01<\/p>\n<p class=\"\" data-start=\"181\" data-end=\"426\">Chez <strong data-start=\"184\" data-end=\"202\">BlueSAO Canada<\/strong>, nous valorisons et respectons votre vie priv\u00e9e. Cette politique de confidentialit\u00e9 explique comment nous collectons, utilisons, prot\u00e9geons et divulguons vos informations lorsque vous visitez notre site web ou interagissez avec nous.<\/p>\n<p class=\"\" data-start=\"428\" data-end=\"460\">En utilisant bluesaocanada.com, vous acceptez les termes de cette politique de confidentialit\u00e9.<\/p>\n<hr class=\"\" data-start=\"463\" data-end=\"466\" \/>\n<h4 data-start=\"468\" data-end=\"498\">1. <strong data-start=\"475\" data-end=\"498\">Informations que nous collectons<\/strong><\/h4>\n<ul data-start=\"500\" data-end=\"798\">\n  <li class=\"\" data-start=\"502\" data-end=\"679\">\n    <p class=\"\" data-start=\"504\" data-end=\"679\"><strong data-start=\"504\" data-end=\"515\">Informations personnelles:<\/strong> Nom, adresse e-mail, num\u00e9ro de t\u00e9l\u00e9phone, adresses de livraison et de facturation, et d\u00e9tails de paiement lorsque vous passez une commande ou nous contactez.<\/p>\n  <\/li>\n  <li class=\"\" data-start=\"681\" data-end=\"798\">\n    <p class=\"\" data-start=\"683\" data-end=\"798\"><strong data-start=\"683\" data-end=\"712\">Informations non personnelles:<\/strong> Type de navigateur, adresse IP, informations sur l&rsquo;appareil et comportement de navigation collect\u00e9s automatiquement via des cookies et technologies similaires.<\/p>\n  <\/li>\n<\/ul>\n<hr class=\"\" data-start=\"800\" data-end=\"803\" \/>\n<h4 data-start=\"805\" data-end=\"839\">2. <strong data-start=\"812\" data-end=\"839\">Comment nous utilisons vos informations<\/strong><\/h4>\n<p class=\"\" data-start=\"841\" data-end=\"1015\">Nous utilisons les informations que nous collectons pour :<\/p>\n<ul data-start=\"1017\" data-end=\"1220\">\n  <li class=\"\" data-start=\"1019\" data-end=\"1090\">\n    <p class=\"\" data-start=\"1021\" data-end=\"1090\">Traiter et ex\u00e9cuter les commandes.<\/p>\n  <\/li>\n  <li class=\"\" data-start=\"1091\" data-end=\"1138\">\n    <p class=\"\" data-start=\"1093\" data-end=\"1138\">Fournir un support client.<\/p>\n  <\/li>\n  <li class=\"\" data-start=\"1139\" data-end=\"1175\">\n    <p class=\"\" data-start=\"1141\" data-end=\"1175\">Communiquer avec vous \u00e0 propos des produits, services et promotions.<\/p>\n  <\/li>\n  <li class=\"\" data-start=\"1176\" data-end=\"1215\">\n    <p class=\"\" data-start=\"1178\" data-end=\"1215\">Am\u00e9liorer notre site web et nos services.<\/p>\n  <\/li>\n  <li class=\"\" data-start=\"1216\" data-end=\"1220\">\n    <p class=\"\" data-start=\"1218\" data-end=\"1220\">Respecter nos obligations l\u00e9gales.<\/p>\n  <\/li>\n<\/ul>\n<hr class=\"\" data-start=\"1222\" data-end=\"1225\" \/>\n<h4 data-start=\"1227\" data-end=\"1261\">3. <strong data-start=\"1234\" data-end=\"1261\">Cookies<\/strong><\/h4>\n<p class=\"\" data-start=\"1263\" data-end=\"1337\">Notre site web utilise des cookies pour am\u00e9liorer votre exp\u00e9rience de navigation et recueillir des informations non personnelles sur le trafic du site et les interactions. Vous pouvez d\u00e9sactiver les cookies via les param\u00e8tres de votre navigateur, mais cela peut affecter la fonctionnalit\u00e9 du site.<\/p>\n<hr class=\"\" data-start=\"1339\" data-end=\"1342\" \/>\n<h4 data-start=\"1344\" data-end=\"1374\">4. <strong data-start=\"1351\" data-end=\"1374\">Partage de vos informations<\/strong><\/h4>\n<p class=\"\" data-start=\"1376\" data-end=\"1453\">Nous ne vendons ni ne \u00e9changeons vos informations personnelles. Nous pouvons partager des informations avec :<\/p>\n<ul data-start=\"1455\" data-end=\"1671\">\n  <li class=\"\" data-start=\"1457\" data-end=\"1525\">\n    <p class=\"\" data-start=\"1459\" data-end=\"1525\"><strong data-start=\"1459\" data-end=\"1474\">Fournisseurs de services:<\/strong> Processus de paiement, entreprises de livraison et prestataires de services informatiques qui nous aident \u00e0 g\u00e9rer notre activit\u00e9.<\/p>\n  <\/li>\n  <li class=\"\" data-start=\"1527\" data-end=\"1671\">\n    <p class=\"\" data-start=\"1529\" data-end=\"1671\"><strong data-start=\"1529\" data-end=\"1547\">Conformit\u00e9 l\u00e9gale:<\/strong> Autorit\u00e9s ou tiers lorsque cela est requis pour respecter la loi ou prot\u00e9ger nos droits.<\/p>\n  <\/li>\n<\/ul>\n<hr class=\"\" data-start=\"1673\" data-end=\"1676\" \/>\n<h4 data-start=\"1678\" data-end=\"1706\">5. <strong data-start=\"1695\" data-end=\"1706\">S\u00e9curit\u00e9 des donn\u00e9es<\/strong><\/h4>\n<p class=\"\" data-start=\"1708\" data-end=\"1793\">Nous mettons en \u0153uvre des mesures de s\u00e9curit\u00e9 conformes aux normes de l&rsquo;industrie pour prot\u00e9ger vos informations personnelles. Cependant, aucune transmission en ligne ni syst\u00e8me de stockage n&rsquo;est compl\u00e8tement s\u00e9curis\u00e9. En utilisant notre site web, vous reconnaissez ce risque.<\/p>\n<hr class=\"\" data-start=\"1795\" data-end=\"1798\" \/>\n<h4 data-start=\"1800\" data-end=\"1824\">6. <strong data-start=\"1811\" data-end=\"1824\">Liens vers des sites tiers<\/strong><\/h4>\n<p class=\"\" data-start=\"1826\" data-end=\"1901\">Notre site web peut contenir des liens vers des sites tiers. Nous ne sommes pas responsables des pratiques de confidentialit\u00e9 ou du contenu de ces sites. Veuillez consulter leurs politiques de confidentialit\u00e9 avant de fournir des informations personnelles.<\/p>\n<hr class=\"\" data-start=\"1903\" data-end=\"1906\" \/>\n<h4 data-start=\"1908\" data-end=\"1942\">7. <strong data-start=\"1935\" data-end=\"1942\">Vos droits<\/strong><\/h4>\n<p class=\"\" data-start=\"1944\" data-end=\"2021\">Selon votre localisation, vous pourriez avoir des droits :<\/p>\n<ul data-start=\"2023\" data-end=\"2216\">\n  <li class=\"\" data-start=\"2025\" data-end=\"2081\">\n    <p class=\"\" data-start=\"2027\" data-end=\"2081\">Acc\u00e9der, corriger ou supprimer vos informations personnelles.<\/p>\n  <\/li>\n  <li class=\"\" data-start=\"2082\" data-end=\"2122\">\n    <p class=\"\" data-start=\"2084\" data-end=\"2122\">D\u00e9sactiver la r\u00e9ception de communications promotionnelles.<\/p>\n  <\/li>\n<\/ul>\n<p class=\"\" data-start=\"2124\" data-end=\"2201\">Pour exercer ces droits, contactez-nous \u00e0 info@bluesaocanada.com.<\/p>\n<hr class=\"\" data-start=\"2203\" data-end=\"2206\" \/>\n<h4 data-start=\"2208\" data-end=\"2234\">8. <strong data-start=\"2225\" data-end=\"2234\">Confidentialit\u00e9 des enfants<\/strong><\/h4>\n<p class=\"\" data-start=\"2236\" data-end=\"2310\">Notre site web et nos services ne sont pas destin\u00e9s aux personnes de moins de 18 ans. Nous ne collectons pas sciemment des informations personnelles aupr\u00e8s de mineurs.<\/p>\n<hr class=\"\" data-start=\"2312\" data-end=\"2315\" \/>\n<h4 data-start=\"2317\" data-end=\"2347\">9. <strong data-start=\"2334\" data-end=\"2347\">Modifications de cette politique<\/strong><\/h4>\n<p class=\"\" data-start=\"2349\" data-end=\"2421\">Nous nous r\u00e9servons le droit de mettre \u00e0 jour cette politique de confidentialit\u00e9 \u00e0 tout moment. Les modifications seront publi\u00e9es sur cette page avec la date d&rsquo;entr\u00e9e en vigueur mise \u00e0 jour.<\/p>\n<hr class=\"\" data-start=\"2423\" data-end=\"2426\" \/>\n<h4 data-start=\"2428\" data-end=\"2458\">10. <strong data-start=\"2445\" data-end=\"2458\">Informations de contact<\/strong><\/h4>\n<p class=\"\" data-start=\"2460\" data-end=\"2493\">Si vous avez des questions concernant cette politique de confidentialit\u00e9 ou vos donn\u00e9es, veuillez nous contacter :<\/p>\n<p class=\"\" data-start=\"2495\" data-end=\"2531\">BlueSAO Canada<br data-start=\"2499\" data-end=\"2502\" \/>\ud83d\udcde +1 514-608-3929<br data-start=\"2504\" data-end=\"2507\" \/>\ud83d\udce7 <a class=\"cursor-pointer\" rel=\"noopener\" data-start=\"2510\" data-end=\"2531\">info@bluesaocanada.com<\/a><\/p>","protected":false},"excerpt":{"rendered":"<p>BlueSAO CanadaDate d&rsquo;entr\u00e9e en vigueur: 2025-05-01 Chez BlueSAO Canada, nous valorisons et respectons votre vie priv\u00e9e. Cette politique de confidentialit\u00e9 explique comment nous collectons, utilisons, prot\u00e9geons<span class=\"excerpt-hellip\"> [\u2026]<\/span><\/p>\n","protected":false},"author":1,"featured_media":0,"parent":0,"menu_order":0,"comment_status":"closed","ping_status":"open","template":"","meta":{"footnotes":""},"class_list":["post-15221","page","type-page","status-publish","hentry"],"_links":{"self":[{"href":"https:\/\/www.bluesaocanada.com\/fr\/wp-json\/wp\/v2\/pages\/15221","targetHints":{"allow":["GET"]}}],"collection":[{"href":"https:\/\/www.bluesaocanada.com\/fr\/wp-json\/wp\/v2\/pages"}],"about":[{"href":"https:\/\/www.bluesaocanada.com\/fr\/wp-json\/wp\/v2\/types\/page"}],"author":[{"embeddable":true,"href":"https:\/\/www.bluesaocanada.com\/fr\/wp-json\/wp\/v2\/users\/1"}],"replies":[{"embeddable":true,"href":"https:\/\/www.bluesaocanada.com\/fr\/wp-json\/wp\/v2\/comments?post=15221"}],"version-history":[{"count":2,"href":"https:\/\/www.bluesaocanada.com\/fr\/wp-json\/wp\/v2\/pages\/15221\/revisions"}],"predecessor-version":[{"id":15225,"href":"https:\/\/www.bluesaocanada.com\/fr\/wp-json\/wp\/v2\/pages\/15221\/revisions\/15225"}],"wp:attachment":[{"href":"https:\/\/www.bluesaocanada.com\/fr\/wp-json\/wp\/v2\/media?parent=15221"}],"curies":[{"name":"wp","href":"https:\/\/api.w.org\/{rel}","templated":true}]}}