{"id":15213,"date":"2025-05-06T13:07:34","date_gmt":"2025-05-06T17:07:34","guid":{"rendered":"https:\/\/www.bluesaocanada.com\/terms-conditions\/"},"modified":"2025-05-12T13:49:45","modified_gmt":"2025-05-12T17:49:45","slug":"terms-conditions","status":"publish","type":"page","link":"https:\/\/www.bluesaocanada.com\/fr\/terms-conditions\/","title":{"rendered":"Conditions g\u00e9n\u00e9rales d&rsquo;utilisation"},"content":{"rendered":"<p class=\"\" data-start=\"68\" data-end=\"119\"><strong data-start=\"68\" data-end=\"86\">BlueSAO Canada<\/strong><br data-start=\"86\" data-end=\"89\" \/><strong data-start=\"89\" data-end=\"108\">Date d&rsquo;entr\u00e9e en vigueur :<\/strong> 2025-05-01<\/p>\n<p class=\"\" data-start=\"121\" data-end=\"261\">Bienvenue chez <strong data-start=\"132\" data-end=\"150\">BlueSAO Canada<\/strong>. Les pr\u00e9sentes conditions g\u00e9n\u00e9rales r\u00e9gissent votre utilisation de notre site web et l&rsquo;achat de tout produit ou service propos\u00e9.<\/p>\n<p class=\"\" data-start=\"263\" data-end=\"425\">En acc\u00e9dant \u00e0 <strong data-start=\"295\" data-end=\"316\">bluesaocanada.com<\/strong> ou en y effectuant un achat, vous acceptez de respecter ces conditions g\u00e9n\u00e9rales. Si vous n\u2019\u00eates pas d\u2019accord, veuillez ne pas utiliser notre site web.<\/p>\n<hr class=\"\" data-start=\"427\" data-end=\"430\" \/>\n<h4 data-start=\"432\" data-end=\"457\">1. <strong data-start=\"439\" data-end=\"457\">Utilisation du site web<\/strong><\/h4>\n<ul data-start=\"459\" data-end=\"680\">\n<li class=\"\" data-start=\"459\" data-end=\"515\">\n<p class=\"\" data-start=\"461\" data-end=\"515\">Vous acceptez d&rsquo;utiliser le site uniquement \u00e0 des fins l\u00e9gales.<\/p>\n<\/li>\n<li class=\"\" data-start=\"516\" data-end=\"602\">\n<p class=\"\" data-start=\"518\" data-end=\"602\">Vous devez avoir au moins 18 ans ou l&rsquo;\u00e2ge de la majorit\u00e9 l\u00e9gale dans votre juridiction.<\/p>\n<\/li>\n<li class=\"\" data-start=\"603\" data-end=\"680\">\n<p class=\"\" data-start=\"605\" data-end=\"680\">L\u2019usage abusif, l&rsquo;acc\u00e8s non autoris\u00e9 ou toute activit\u00e9 frauduleuse sont strictement interdits.<\/p>\n<\/li>\n<\/ul>\n<hr class=\"\" data-start=\"682\" data-end=\"685\" \/>\n<h4 data-start=\"687\" data-end=\"709\">2. <strong data-start=\"694\" data-end=\"709\">Utilisation des produits<\/strong><\/h4>\n<p class=\"\" data-start=\"711\" data-end=\"886\">Nos produits sont destin\u00e9s \u00e0 \u00eatre utilis\u00e9s par des <strong data-start=\"748\" data-end=\"785\">professionnels v\u00e9t\u00e9rinaires agr\u00e9\u00e9s<\/strong>. Il est de la responsabilit\u00e9 de l&rsquo;acheteur de veiller au respect de toutes les lois et r\u00e9glementations applicables.<\/p>\n<p class=\"\" data-start=\"888\" data-end=\"970\"><strong data-start=\"888\" data-end=\"906\">BlueSAO Canada<\/strong> n&rsquo;est pas responsable de l&rsquo;utilisation abusive ou hors indication de ses produits.<\/p>\n<hr class=\"\" data-start=\"972\" data-end=\"975\" \/>\n<h4 data-start=\"977\" data-end=\"1005\">3. <strong data-start=\"984\" data-end=\"1005\">Commandes et paiements<\/strong><\/h4>\n<ul data-start=\"1007\" data-end=\"1213\">\n<li class=\"\" data-start=\"1007\" data-end=\"1085\">\n<p class=\"\" data-start=\"1009\" data-end=\"1085\">Tous les prix sont indiqu\u00e9s en <strong data-start=\"1034\" data-end=\"1060\">CAD (dollars canadiens)<\/strong>, sauf indication contraire.<\/p>\n<\/li>\n<li class=\"\" data-start=\"1086\" data-end=\"1141\">\n<p class=\"\" data-start=\"1088\" data-end=\"1141\">Le paiement doit \u00eatre re\u00e7u avant l&rsquo;exp\u00e9dition des produits.<\/p>\n<\/li>\n<li class=\"\" data-start=\"1142\" data-end=\"1213\">\n<p class=\"\" data-start=\"1144\" data-end=\"1213\">Nous nous r\u00e9servons le droit d&rsquo;annuler ou de refuser toute commande \u00e0 notre discr\u00e9tion.<\/p>\n<\/li>\n<\/ul>\n<hr class=\"\" data-start=\"1215\" data-end=\"1218\" \/>\n<h4 data-start=\"1220\" data-end=\"1239\">4. <strong data-start=\"1227\" data-end=\"1239\">Exp\u00e9dition<\/strong><\/h4>\n<p class=\"\" data-start=\"1241\" data-end=\"1341\">Veuillez consulter notre <strong data-start=\"1261\" data-end=\"1280\">Politique d\u2019exp\u00e9dition<\/strong> pour obtenir des informations d\u00e9taill\u00e9es sur la livraison, les d\u00e9lais et les frais.<\/p>\n<hr class=\"\" data-start=\"1343\" data-end=\"1346\" \/>\n<h4 data-start=\"1348\" data-end=\"1376\">5. <strong data-start=\"1355\" data-end=\"1376\">Retours et remboursements<\/strong><\/h4>\n<p class=\"\" data-start=\"1378\" data-end=\"1475\">Veuillez consulter notre <strong data-start=\"1391\" data-end=\"1417\">Politique de retour et de remboursement<\/strong> pour conna\u00eetre les conditions d\u2019\u00e9ligibilit\u00e9 et la proc\u00e9dure de retour.<\/p>\n<hr class=\"\" data-start=\"1477\" data-end=\"1480\" \/>\n<h4 data-start=\"1482\" data-end=\"1514\">6. <strong data-start=\"1489\" data-end=\"1514\">Propri\u00e9t\u00e9 intellectuelle<\/strong><\/h4>\n<p class=\"\" data-start=\"1516\" data-end=\"1687\">Tout le contenu de ce site, y compris les images, textes, logos et descriptions de produits, est la propri\u00e9t\u00e9 de <strong data-start=\"1621\" data-end=\"1639\">BlueSAO Canada<\/strong> et ne peut \u00eatre utilis\u00e9 sans autorisation \u00e9crite.<\/p>\n<hr class=\"\" data-start=\"1689\" data-end=\"1692\" \/>\n<h4 data-start=\"1694\" data-end=\"1728\">7. <strong data-start=\"1701\" data-end=\"1728\">Limitation de responsabilit\u00e9<\/strong><\/h4>\n<p class=\"\" data-start=\"1730\" data-end=\"1872\"><strong data-start=\"1730\" data-end=\"1748\">BlueSAO Canada<\/strong> ne peut \u00eatre tenue responsable des dommages indirects, accessoires ou cons\u00e9cutifs r\u00e9sultant de l\u2019utilisation de nos produits ou de notre site.<\/p>\n<hr class=\"\" data-start=\"1874\" data-end=\"1877\" \/>\n<h4 data-start=\"1879\" data-end=\"1903\">8. <strong data-start=\"1886\" data-end=\"1903\">Droit applicable<\/strong><\/h4>\n<p class=\"\" data-start=\"1905\" data-end=\"2012\">Les pr\u00e9sentes conditions g\u00e9n\u00e9rales sont r\u00e9gies par les lois de la <strong data-start=\"1962\" data-end=\"1984\">province de Qu\u00e9bec<\/strong> et les lois du <strong data-start=\"2001\" data-end=\"2011\">Canada<\/strong>.<\/p>\n<hr class=\"\" data-start=\"2014\" data-end=\"2017\" \/>\n<h4 data-start=\"2019\" data-end=\"2049\">9. <strong data-start=\"2026\" data-end=\"2049\">Coordonn\u00e9es<\/strong><\/h4>\n<p class=\"\" data-start=\"2051\" data-end=\"2124\">Pour toute question ou pr\u00e9occupation concernant ces conditions g\u00e9n\u00e9rales, veuillez nous contacter :<\/p>\n<p class=\"\" data-start=\"2126\" data-end=\"2172\">\ud83d\udcde +1 514-608-3929<br data-start=\"2144\" data-end=\"2147\" \/>\ud83d\udce7 <a class=\"cursor-pointer\" rel=\"noopener\" data-start=\"2150\" data-end=\"2172\">info@bluesaocanada.com<\/a><\/p>\n","protected":false},"excerpt":{"rendered":"<p>BlueSAO CanadaDate d&rsquo;entr\u00e9e en vigueur : 2025-05-01 Bienvenue chez BlueSAO Canada. Les pr\u00e9sentes conditions g\u00e9n\u00e9rales r\u00e9gissent votre utilisation de notre site web et l&rsquo;achat de tout<span class=\"excerpt-hellip\"> [\u2026]<\/span><\/p>\n","protected":false},"author":84,"featured_media":0,"parent":0,"menu_order":0,"comment_status":"closed","ping_status":"closed","template":"","meta":{"footnotes":""},"class_list":["post-15213","page","type-page","status-publish","hentry"],"_links":{"self":[{"href":"https:\/\/www.bluesaocanada.com\/fr\/wp-json\/wp\/v2\/pages\/15213","targetHints":{"allow":["GET"]}}],"collection":[{"href":"https:\/\/www.bluesaocanada.com\/fr\/wp-json\/wp\/v2\/pages"}],"about":[{"href":"https:\/\/www.bluesaocanada.com\/fr\/wp-json\/wp\/v2\/types\/page"}],"author":[{"embeddable":true,"href":"https:\/\/www.bluesaocanada.com\/fr\/wp-json\/wp\/v2\/users\/84"}],"replies":[{"embeddable":true,"href":"https:\/\/www.bluesaocanada.com\/fr\/wp-json\/wp\/v2\/comments?post=15213"}],"version-history":[{"count":1,"href":"https:\/\/www.bluesaocanada.com\/fr\/wp-json\/wp\/v2\/pages\/15213\/revisions"}],"predecessor-version":[{"id":15215,"href":"https:\/\/www.bluesaocanada.com\/fr\/wp-json\/wp\/v2\/pages\/15213\/revisions\/15215"}],"wp:attachment":[{"href":"https:\/\/www.bluesaocanada.com\/fr\/wp-json\/wp\/v2\/media?parent=15213"}],"curies":[{"name":"wp","href":"https:\/\/api.w.org\/{rel}","templated":true}]}}