{"id":15207,"date":"2025-05-06T13:08:37","date_gmt":"2025-05-06T17:08:37","guid":{"rendered":"https:\/\/www.bluesaocanada.com\/shipping-policy\/"},"modified":"2025-05-12T13:39:13","modified_gmt":"2025-05-12T17:39:13","slug":"shipping-policy","status":"publish","type":"page","link":"https:\/\/www.bluesaocanada.com\/fr\/shipping-policy\/","title":{"rendered":"Politique d&rsquo;exp\u00e9dition"},"content":{"rendered":"<p class=\"\" data-start=\"2204\" data-end=\"2255\"><strong data-start=\"2204\" data-end=\"2222\">BlueSAO Canada<\/strong><br data-start=\"2222\" data-end=\"2225\" \/><strong data-start=\"2225\" data-end=\"2244\">Date d\u2019entr\u00e9e en vigueur :<\/strong> 2025-05-01<\/p>\n<p class=\"\" data-start=\"2257\" data-end=\"2338\">Chez <strong data-start=\"2260\" data-end=\"2278\">BlueSAO Canada<\/strong>, nous nous effor\u00e7ons de livrer vos commandes efficacement et de mani\u00e8re fiable.<\/p>\n<hr class=\"\" data-start=\"2340\" data-end=\"2343\" \/>\n<h4 data-start=\"2345\" data-end=\"2370\">1. <strong data-start=\"2352\" data-end=\"2370\">Zones de livraison<\/strong><\/h4>\n<p class=\"\" data-start=\"2372\" data-end=\"2525\">Nous livrons des produits partout au <strong data-start=\"2396\" data-end=\"2406\">Canada<\/strong>. Pour les commandes internationales, veuillez contacter <strong data-start=\"2449\" data-end=\"2475\"><a class=\"cursor-pointer\" rel=\"noopener\" data-start=\"2451\" data-end=\"2473\">info@bluesaocanada.com<\/a><\/strong> pour vous renseigner sur la disponibilit\u00e9 et les frais d\u2019exp\u00e9dition.<\/p>\n<hr class=\"\" data-start=\"2527\" data-end=\"2530\" \/>\n<h4 data-start=\"2532\" data-end=\"2558\">2. <strong data-start=\"2539\" data-end=\"2558\">D\u00e9lai de traitement<\/strong><\/h4>\n<ul data-start=\"2560\" data-end=\"2768\">\n<li class=\"\" data-start=\"2560\" data-end=\"2622\">\n<p class=\"\" data-start=\"2562\" data-end=\"2622\">Les commandes sont g\u00e9n\u00e9ralement trait\u00e9es dans un d\u00e9lai de <strong data-start=\"2600\" data-end=\"2621\">2 \u00e0 5 jours ouvrables<\/strong>.<\/p>\n<\/li>\n<li class=\"\" data-start=\"2623\" data-end=\"2768\">\n<p class=\"\" data-start=\"2625\" data-end=\"2768\">Les produits personnalis\u00e9s ou sur commande sp\u00e9ciale peuvent n\u00e9cessiter un d\u00e9lai de traitement suppl\u00e9mentaire. Les d\u00e9lais de livraison estim\u00e9s seront communiqu\u00e9s lors de la confirmation de commande.<\/p>\n<\/li>\n<\/ul>\n<hr class=\"\" data-start=\"2770\" data-end=\"2773\" \/>\n<h4 data-start=\"2775\" data-end=\"2809\">3. <strong data-start=\"2782\" data-end=\"2809\">M\u00e9thodes et frais d\u2019exp\u00e9dition<\/strong><\/h4>\n<ul data-start=\"2811\" data-end=\"2949\">\n<li class=\"\" data-start=\"2811\" data-end=\"2892\">\n<p class=\"\" data-start=\"2813\" data-end=\"2892\">Les frais d\u2019exp\u00e9dition sont calcul\u00e9s \u00e0 la caisse en fonction de la destination et de la taille du colis.<\/p>\n<\/li>\n<li class=\"\" data-start=\"2893\" data-end=\"2949\">\n<p class=\"\" data-start=\"2895\" data-end=\"2949\">Des options d\u2019exp\u00e9dition standard et acc\u00e9l\u00e9r\u00e9e sont disponibles.<\/p>\n<\/li>\n<\/ul>\n<hr class=\"\" data-start=\"2951\" data-end=\"2954\" \/>\n<h4 data-start=\"2956\" data-end=\"2975\">4. <strong data-start=\"2963\" data-end=\"2975\">Suivi<\/strong><\/h4>\n<p class=\"\" data-start=\"2977\" data-end=\"3070\">Une fois votre commande exp\u00e9di\u00e9e, vous recevrez un courriel de confirmation avec les informations de suivi.<\/p>\n<hr class=\"\" data-start=\"3072\" data-end=\"3075\" \/>\n<h4 data-start=\"3077\" data-end=\"3094\">5. <strong data-start=\"3084\" data-end=\"3094\">Retards<\/strong><\/h4>\n<p class=\"\" data-start=\"3096\" data-end=\"3258\">Bien que nous nous efforcions de respecter les d\u00e9lais de livraison, <strong data-start=\"3140\" data-end=\"3158\">BlueSAO Canada<\/strong> n\u2019est pas responsable des retards caus\u00e9s par les transporteurs, les douanes ou des \u00e9v\u00e9nements impr\u00e9vus ind\u00e9pendants de notre volont\u00e9.<\/p>\n<hr class=\"\" data-start=\"3260\" data-end=\"3263\" \/>\n<h4 data-start=\"3265\" data-end=\"3291\">6. <strong data-start=\"3272\" data-end=\"3291\">Dommages pendant la livraison<\/strong><\/h4>\n<p class=\"\" data-start=\"3293\" data-end=\"3325\">Si votre colis arrive endommag\u00e9 :<\/p>\n<ul data-start=\"3326\" data-end=\"3472\">\n<li class=\"\" data-start=\"3326\" data-end=\"3384\">\n<p class=\"\" data-start=\"3328\" data-end=\"3384\">Signalez les dommages dans un d\u00e9lai de <strong data-start=\"3353\" data-end=\"3372\">5 jours ouvrables<\/strong> apr\u00e8s r\u00e9ception.<\/p>\n<\/li>\n<li class=\"\" data-start=\"3385\" data-end=\"3472\">\n<p class=\"\" data-start=\"3387\" data-end=\"3472\">Fournissez des photos et une description du probl\u00e8me par courriel \u00e0 <strong data-start=\"3445\" data-end=\"3471\"><a class=\"cursor-pointer\" rel=\"noopener\" data-start=\"3447\" data-end=\"3469\">info@bluesaocanada.com<\/a><\/strong>.<\/p>\n<\/li>\n<\/ul>\n<hr class=\"\" data-start=\"3474\" data-end=\"3477\" \/>\n<h4 data-start=\"3479\" data-end=\"3509\">7. <strong data-start=\"3486\" data-end=\"3509\">Coordonn\u00e9es<\/strong><\/h4>\n<p class=\"\" data-start=\"3511\" data-end=\"3534\">Pour toute question concernant la livraison :<\/p>\n<p class=\"\" data-start=\"3536\" data-end=\"3582\">\ud83d\udcde +1 514-608-3929<br data-start=\"3554\" data-end=\"3557\" \/>\ud83d\udce7 <a class=\"cursor-pointer\" rel=\"noopener\" data-start=\"3560\" data-end=\"3582\">info@bluesaocanada.com<\/a><\/p>\n","protected":false},"excerpt":{"rendered":"<p>BlueSAO CanadaDate d\u2019entr\u00e9e en vigueur : 2025-05-01 Chez BlueSAO Canada, nous nous effor\u00e7ons de livrer vos commandes efficacement et de mani\u00e8re fiable. 1. Zones de livraison<span class=\"excerpt-hellip\"> [\u2026]<\/span><\/p>\n","protected":false},"author":84,"featured_media":0,"parent":0,"menu_order":0,"comment_status":"closed","ping_status":"closed","template":"","meta":{"footnotes":""},"class_list":["post-15207","page","type-page","status-publish","hentry"],"_links":{"self":[{"href":"https:\/\/www.bluesaocanada.com\/fr\/wp-json\/wp\/v2\/pages\/15207","targetHints":{"allow":["GET"]}}],"collection":[{"href":"https:\/\/www.bluesaocanada.com\/fr\/wp-json\/wp\/v2\/pages"}],"about":[{"href":"https:\/\/www.bluesaocanada.com\/fr\/wp-json\/wp\/v2\/types\/page"}],"author":[{"embeddable":true,"href":"https:\/\/www.bluesaocanada.com\/fr\/wp-json\/wp\/v2\/users\/84"}],"replies":[{"embeddable":true,"href":"https:\/\/www.bluesaocanada.com\/fr\/wp-json\/wp\/v2\/comments?post=15207"}],"version-history":[{"count":1,"href":"https:\/\/www.bluesaocanada.com\/fr\/wp-json\/wp\/v2\/pages\/15207\/revisions"}],"predecessor-version":[{"id":15209,"href":"https:\/\/www.bluesaocanada.com\/fr\/wp-json\/wp\/v2\/pages\/15207\/revisions\/15209"}],"wp:attachment":[{"href":"https:\/\/www.bluesaocanada.com\/fr\/wp-json\/wp\/v2\/media?parent=15207"}],"curies":[{"name":"wp","href":"https:\/\/api.w.org\/{rel}","templated":true}]}}