{"id":15194,"date":"2020-03-02T19:38:33","date_gmt":"2020-03-02T19:38:33","guid":{"rendered":"https:\/\/www.bluesaocanada.com\/cart\/"},"modified":"2025-05-12T13:08:48","modified_gmt":"2025-05-12T17:08:48","slug":"panier","status":"publish","type":"page","link":"https:\/\/www.bluesaocanada.com\/fr\/panier\/","title":{"rendered":"Panier"},"content":{"rendered":"\n<p><strong data-start=\"2883\" data-end=\"2909\">Politique de retour et de remboursement<\/strong><br data-start=\"2909\" data-end=\"2912\" \/>Les retours sont accept\u00e9s dans un d\u00e9lai de <strong data-start=\"2940\" data-end=\"2951\">30 jours<\/strong> suivant la livraison, pour les produits non utilis\u00e9s, non ouverts et dans leur emballage d\u2019origine. Les articles personnalis\u00e9s ou command\u00e9s sur mesure, y compris les implants et les produits st\u00e9riles ouverts, ne sont pas retournables. Les articles d\u00e9fectueux ou endommag\u00e9s peuvent \u00eatre \u00e9chang\u00e9s ou rembours\u00e9s \u2014 contactez <strong data-start=\"3180\" data-end=\"3206\"><a class=\"cursor-pointer\" rel=\"noopener\" data-start=\"3182\" data-end=\"3204\">info@bluesaocanada.com<\/a><\/strong> ou <strong data-start=\"3210\" data-end=\"3229\">+1 514-608-3929<\/strong> dans un d\u00e9lai de <strong data-start=\"3237\" data-end=\"3256\">5 jours ouvrables<\/strong>. Les frais de livraison ne sont pas remboursables. En finalisant votre achat, vous acceptez notre <a class=\"\" href=\"https:\/\/www.bluesaocanada.com\/refund_returns\/\" rel=\"noopener\" data-start=\"3343\" data-end=\"3370\">politique compl\u00e8te de retour et de remboursement<\/a>.<\/p>\n<p><strong data-start=\"3403\" data-end=\"3429\">Avertissement sur l\u2019usage m\u00e9dical<\/strong><br data-start=\"3429\" data-end=\"3432\" \/>BlueSAO Canada fournit des instruments chirurgicaux v\u00e9t\u00e9rinaires, des implants et des produits de technologie m\u00e9dicale destin\u00e9s uniquement aux professionnels v\u00e9t\u00e9rinaires agr\u00e9\u00e9s. Il est de la responsabilit\u00e9 de l\u2019acheteur de s\u2019assurer que tous les produits sont utilis\u00e9s conform\u00e9ment aux r\u00e9glementations locales, provinciales et f\u00e9d\u00e9rales. BlueSAO Canada n\u2019est pas responsable d\u2019une mauvaise utilisation, d\u2019un usage non conforme ou d\u2019une manipulation inad\u00e9quate de ses produits. Les produits personnalis\u00e9s sont des ventes finales et ne peuvent \u00eatre retourn\u00e9s sauf en cas de d\u00e9faut.<\/p>","protected":false},"excerpt":{"rendered":"","protected":false},"author":1,"featured_media":0,"parent":0,"menu_order":0,"comment_status":"closed","ping_status":"closed","template":"","meta":{"footnotes":""},"class_list":["post-15194","page","type-page","status-publish","hentry"],"_links":{"self":[{"href":"https:\/\/www.bluesaocanada.com\/fr\/wp-json\/wp\/v2\/pages\/15194","targetHints":{"allow":["GET"]}}],"collection":[{"href":"https:\/\/www.bluesaocanada.com\/fr\/wp-json\/wp\/v2\/pages"}],"about":[{"href":"https:\/\/www.bluesaocanada.com\/fr\/wp-json\/wp\/v2\/types\/page"}],"author":[{"embeddable":true,"href":"https:\/\/www.bluesaocanada.com\/fr\/wp-json\/wp\/v2\/users\/1"}],"replies":[{"embeddable":true,"href":"https:\/\/www.bluesaocanada.com\/fr\/wp-json\/wp\/v2\/comments?post=15194"}],"version-history":[{"count":1,"href":"https:\/\/www.bluesaocanada.com\/fr\/wp-json\/wp\/v2\/pages\/15194\/revisions"}],"predecessor-version":[{"id":15196,"href":"https:\/\/www.bluesaocanada.com\/fr\/wp-json\/wp\/v2\/pages\/15194\/revisions\/15196"}],"wp:attachment":[{"href":"https:\/\/www.bluesaocanada.com\/fr\/wp-json\/wp\/v2\/media?parent=15194"}],"curies":[{"name":"wp","href":"https:\/\/api.w.org\/{rel}","templated":true}]}}